{"id":666,"date":"2021-06-24T15:25:24","date_gmt":"2021-06-24T13:25:24","guid":{"rendered":"https:\/\/www.orviken.se\/?page_id=666"},"modified":"2021-08-22T14:50:49","modified_gmt":"2021-08-22T12:50:49","slug":"kunde-ej-hittas","status":"publish","type":"page","link":"https:\/\/www.orviken.se\/en\/kunde-ej-hittas\/","title":{"rendered":"Could not be found"},"content":{"rendered":"<p>Unfortunately, the page you are looking for could not be found. If you have any questions about this, use the contact form you find on the page <a href=\"https:\/\/www.orviken.se\/en\/kontakt\/\" data-type=\"URL\" data-id=\"https:\/\/www.orviken.se\/kontakt\/\">Contact<\/a>.<\/p>\n\n\n\n<figure class=\"wp-block-image size-full\"><img loading=\"lazy\" decoding=\"async\" width=\"2560\" height=\"1616\" src=\"https:\/\/www.orviken.se\/wp-content\/uploads\/2021\/08\/Stenen-Unnskyld-redigerad-scaled.jpg\" alt=\"\" class=\"wp-image-706\" srcset=\"https:\/\/www.orviken.se\/wp-content\/uploads\/2021\/08\/Stenen-Unnskyld-redigerad-scaled.jpg 2560w, https:\/\/www.orviken.se\/wp-content\/uploads\/2021\/08\/Stenen-Unnskyld-redigerad-300x189.jpg 300w, https:\/\/www.orviken.se\/wp-content\/uploads\/2021\/08\/Stenen-Unnskyld-redigerad-1024x646.jpg 1024w, https:\/\/www.orviken.se\/wp-content\/uploads\/2021\/08\/Stenen-Unnskyld-redigerad-768x485.jpg 768w, https:\/\/www.orviken.se\/wp-content\/uploads\/2021\/08\/Stenen-Unnskyld-redigerad-1536x969.jpg 1536w, https:\/\/www.orviken.se\/wp-content\/uploads\/2021\/08\/Stenen-Unnskyld-redigerad-2048x1293.jpg 2048w, https:\/\/www.orviken.se\/wp-content\/uploads\/2021\/08\/Stenen-Unnskyld-redigerad-200x125.jpg 200w\" sizes=\"auto, (max-width: 2560px) 100vw, 2560px\" \/><\/figure>","protected":false},"excerpt":{"rendered":"<p>Unfortunately, the page you are looking for could not be found. If you have any questions about this, please use the contact form found on the contact page.<\/p>","protected":false},"author":1,"featured_media":0,"parent":0,"menu_order":17,"comment_status":"closed","ping_status":"closed","template":"","meta":{"inline_featured_image":false,"footnotes":""},"class_list":["post-666","page","type-page","status-publish","hentry"],"yoast_head":"<!-- This site is optimized with the Yoast SEO plugin v27.5 - https:\/\/yoast.com\/product\/yoast-seo-wordpress\/ -->\n<title>Kunde ej hittas - \u00d6rviken<\/title>\n<meta name=\"robots\" content=\"index, follow, max-snippet:-1, max-image-preview:large, max-video-preview:-1\" \/>\n<link rel=\"canonical\" href=\"https:\/\/www.orviken.se\/en\/kunde-ej-hittas\/\" \/>\n<meta property=\"og:locale\" content=\"en_US\" \/>\n<meta property=\"og:type\" content=\"article\" \/>\n<meta property=\"og:title\" content=\"Kunde ej hittas - \u00d6rviken\" \/>\n<meta property=\"og:description\" content=\"Sidan du letar efter kunde tyv\u00e4rr ej hittas. Vid eventuella fr\u00e5gor om detta, anv\u00e4nd kontaktformul\u00e4ret du hittar p\u00e5 sidan kontakt.\" \/>\n<meta property=\"og:url\" content=\"https:\/\/www.orviken.se\/en\/kunde-ej-hittas\/\" \/>\n<meta property=\"og:site_name\" content=\"\u00d6rviken\" \/>\n<meta property=\"article:publisher\" content=\"https:\/\/www.facebook.com\/groups\/orviken\/about\" \/>\n<meta property=\"article:modified_time\" content=\"2021-08-22T12:50:49+00:00\" \/>\n<meta property=\"og:image\" content=\"https:\/\/www.orviken.se\/wp-content\/uploads\/2021\/08\/Stenen-Unnskyld-redigerad-scaled.jpg\" \/>\n<meta name=\"twitter:card\" content=\"summary_large_image\" \/>\n<script type=\"application\/ld+json\" class=\"yoast-schema-graph\">{\"@context\":\"https:\\\/\\\/schema.org\",\"@graph\":[{\"@type\":\"WebPage\",\"@id\":\"https:\\\/\\\/www.orviken.se\\\/kunde-ej-hittas\\\/\",\"url\":\"https:\\\/\\\/www.orviken.se\\\/kunde-ej-hittas\\\/\",\"name\":\"Kunde ej hittas - \u00d6rviken\",\"isPartOf\":{\"@id\":\"https:\\\/\\\/www.orviken.se\\\/#website\"},\"primaryImageOfPage\":{\"@id\":\"https:\\\/\\\/www.orviken.se\\\/kunde-ej-hittas\\\/#primaryimage\"},\"image\":{\"@id\":\"https:\\\/\\\/www.orviken.se\\\/kunde-ej-hittas\\\/#primaryimage\"},\"thumbnailUrl\":\"https:\\\/\\\/www.orviken.se\\\/wp-content\\\/uploads\\\/2021\\\/08\\\/Stenen-Unnskyld-redigerad-scaled.jpg\",\"datePublished\":\"2021-06-24T13:25:24+00:00\",\"dateModified\":\"2021-08-22T12:50:49+00:00\",\"breadcrumb\":{\"@id\":\"https:\\\/\\\/www.orviken.se\\\/kunde-ej-hittas\\\/#breadcrumb\"},\"inLanguage\":\"en-US\",\"potentialAction\":[{\"@type\":\"ReadAction\",\"target\":[\"https:\\\/\\\/www.orviken.se\\\/kunde-ej-hittas\\\/\"]}]},{\"@type\":\"ImageObject\",\"inLanguage\":\"en-US\",\"@id\":\"https:\\\/\\\/www.orviken.se\\\/kunde-ej-hittas\\\/#primaryimage\",\"url\":\"https:\\\/\\\/www.orviken.se\\\/wp-content\\\/uploads\\\/2021\\\/08\\\/Stenen-Unnskyld-redigerad-scaled.jpg\",\"contentUrl\":\"https:\\\/\\\/www.orviken.se\\\/wp-content\\\/uploads\\\/2021\\\/08\\\/Stenen-Unnskyld-redigerad-scaled.jpg\"},{\"@type\":\"BreadcrumbList\",\"@id\":\"https:\\\/\\\/www.orviken.se\\\/kunde-ej-hittas\\\/#breadcrumb\",\"itemListElement\":[{\"@type\":\"ListItem\",\"position\":1,\"name\":\"Hem\",\"item\":\"https:\\\/\\\/www.orviken.se\\\/\"},{\"@type\":\"ListItem\",\"position\":2,\"name\":\"Kunde ej hittas\"}]},{\"@type\":\"WebSite\",\"@id\":\"https:\\\/\\\/www.orviken.se\\\/#website\",\"url\":\"https:\\\/\\\/www.orviken.se\\\/\",\"name\":\"\u00d6rviken\",\"description\":\"Kustens p\u00e4rla\",\"publisher\":{\"@id\":\"https:\\\/\\\/www.orviken.se\\\/#organization\"},\"potentialAction\":[{\"@type\":\"SearchAction\",\"target\":{\"@type\":\"EntryPoint\",\"urlTemplate\":\"https:\\\/\\\/www.orviken.se\\\/?s={search_term_string}\"},\"query-input\":{\"@type\":\"PropertyValueSpecification\",\"valueRequired\":true,\"valueName\":\"search_term_string\"}}],\"inLanguage\":\"en-US\"},{\"@type\":\"Organization\",\"@id\":\"https:\\\/\\\/www.orviken.se\\\/#organization\",\"name\":\"\u00d6rvikens Byaf\u00f6rening\",\"url\":\"https:\\\/\\\/www.orviken.se\\\/\",\"logo\":{\"@type\":\"ImageObject\",\"inLanguage\":\"en-US\",\"@id\":\"https:\\\/\\\/www.orviken.se\\\/#\\\/schema\\\/logo\\\/image\\\/\",\"url\":\"https:\\\/\\\/i2.wp.com\\\/www.orviken.se\\\/wp-content\\\/uploads\\\/2021\\\/06\\\/O\u0308rviken-logga.jpg?fit=196%2C200&ssl=1\",\"contentUrl\":\"https:\\\/\\\/i2.wp.com\\\/www.orviken.se\\\/wp-content\\\/uploads\\\/2021\\\/06\\\/O\u0308rviken-logga.jpg?fit=196%2C200&ssl=1\",\"width\":196,\"height\":200,\"caption\":\"\u00d6rvikens Byaf\u00f6rening\"},\"image\":{\"@id\":\"https:\\\/\\\/www.orviken.se\\\/#\\\/schema\\\/logo\\\/image\\\/\"},\"sameAs\":[\"https:\\\/\\\/www.facebook.com\\\/groups\\\/orviken\\\/about\"]}]}<\/script>\n<!-- \/ Yoast SEO plugin. -->","yoast_head_json":{"title":"Could not be found - \u00d6rviken","robots":{"index":"index","follow":"follow","max-snippet":"max-snippet:-1","max-image-preview":"max-image-preview:large","max-video-preview":"max-video-preview:-1"},"canonical":"https:\/\/www.orviken.se\/en\/kunde-ej-hittas\/","og_locale":"en_US","og_type":"article","og_title":"Kunde ej hittas - \u00d6rviken","og_description":"Sidan du letar efter kunde tyv\u00e4rr ej hittas. Vid eventuella fr\u00e5gor om detta, anv\u00e4nd kontaktformul\u00e4ret du hittar p\u00e5 sidan kontakt.","og_url":"https:\/\/www.orviken.se\/en\/kunde-ej-hittas\/","og_site_name":"\u00d6rviken","article_publisher":"https:\/\/www.facebook.com\/groups\/orviken\/about","article_modified_time":"2021-08-22T12:50:49+00:00","og_image":[{"url":"https:\/\/www.orviken.se\/wp-content\/uploads\/2021\/08\/Stenen-Unnskyld-redigerad-scaled.jpg","type":"","width":"","height":""}],"twitter_card":"summary_large_image","schema":{"@context":"https:\/\/schema.org","@graph":[{"@type":"WebPage","@id":"https:\/\/www.orviken.se\/kunde-ej-hittas\/","url":"https:\/\/www.orviken.se\/kunde-ej-hittas\/","name":"Could not be found - \u00d6rviken","isPartOf":{"@id":"https:\/\/www.orviken.se\/#website"},"primaryImageOfPage":{"@id":"https:\/\/www.orviken.se\/kunde-ej-hittas\/#primaryimage"},"image":{"@id":"https:\/\/www.orviken.se\/kunde-ej-hittas\/#primaryimage"},"thumbnailUrl":"https:\/\/www.orviken.se\/wp-content\/uploads\/2021\/08\/Stenen-Unnskyld-redigerad-scaled.jpg","datePublished":"2021-06-24T13:25:24+00:00","dateModified":"2021-08-22T12:50:49+00:00","breadcrumb":{"@id":"https:\/\/www.orviken.se\/kunde-ej-hittas\/#breadcrumb"},"inLanguage":"en-US","potentialAction":[{"@type":"ReadAction","target":["https:\/\/www.orviken.se\/kunde-ej-hittas\/"]}]},{"@type":"ImageObject","inLanguage":"en-US","@id":"https:\/\/www.orviken.se\/kunde-ej-hittas\/#primaryimage","url":"https:\/\/www.orviken.se\/wp-content\/uploads\/2021\/08\/Stenen-Unnskyld-redigerad-scaled.jpg","contentUrl":"https:\/\/www.orviken.se\/wp-content\/uploads\/2021\/08\/Stenen-Unnskyld-redigerad-scaled.jpg"},{"@type":"BreadcrumbList","@id":"https:\/\/www.orviken.se\/kunde-ej-hittas\/#breadcrumb","itemListElement":[{"@type":"ListItem","position":1,"name":"Hem","item":"https:\/\/www.orviken.se\/"},{"@type":"ListItem","position":2,"name":"Kunde ej hittas"}]},{"@type":"WebSite","@id":"https:\/\/www.orviken.se\/#website","url":"https:\/\/www.orviken.se\/","name":"\u00d6rviken","description":"The pearl of the coast","publisher":{"@id":"https:\/\/www.orviken.se\/#organization"},"potentialAction":[{"@type":"SearchAction","target":{"@type":"EntryPoint","urlTemplate":"https:\/\/www.orviken.se\/?s={search_term_string}"},"query-input":{"@type":"PropertyValueSpecification","valueRequired":true,"valueName":"search_term_string"}}],"inLanguage":"en-US"},{"@type":"Organization","@id":"https:\/\/www.orviken.se\/#organization","name":"\u00d6rviken Village Association","url":"https:\/\/www.orviken.se\/","logo":{"@type":"ImageObject","inLanguage":"en-US","@id":"https:\/\/www.orviken.se\/#\/schema\/logo\/image\/","url":"https:\/\/i2.wp.com\/www.orviken.se\/wp-content\/uploads\/2021\/06\/O\u0308rviken-logga.jpg?fit=196%2C200&ssl=1","contentUrl":"https:\/\/i2.wp.com\/www.orviken.se\/wp-content\/uploads\/2021\/06\/O\u0308rviken-logga.jpg?fit=196%2C200&ssl=1","width":196,"height":200,"caption":"\u00d6rvikens Byaf\u00f6rening"},"image":{"@id":"https:\/\/www.orviken.se\/#\/schema\/logo\/image\/"},"sameAs":["https:\/\/www.facebook.com\/groups\/orviken\/about"]}]}},"_links":{"self":[{"href":"https:\/\/www.orviken.se\/en\/wp-json\/wp\/v2\/pages\/666","targetHints":{"allow":["GET"]}}],"collection":[{"href":"https:\/\/www.orviken.se\/en\/wp-json\/wp\/v2\/pages"}],"about":[{"href":"https:\/\/www.orviken.se\/en\/wp-json\/wp\/v2\/types\/page"}],"author":[{"embeddable":true,"href":"https:\/\/www.orviken.se\/en\/wp-json\/wp\/v2\/users\/1"}],"replies":[{"embeddable":true,"href":"https:\/\/www.orviken.se\/en\/wp-json\/wp\/v2\/comments?post=666"}],"version-history":[{"count":4,"href":"https:\/\/www.orviken.se\/en\/wp-json\/wp\/v2\/pages\/666\/revisions"}],"predecessor-version":[{"id":818,"href":"https:\/\/www.orviken.se\/en\/wp-json\/wp\/v2\/pages\/666\/revisions\/818"}],"wp:attachment":[{"href":"https:\/\/www.orviken.se\/en\/wp-json\/wp\/v2\/media?parent=666"}],"curies":[{"name":"wp","href":"https:\/\/api.w.org\/{rel}","templated":true}]}}