{"id":333,"date":"2021-07-06T14:56:07","date_gmt":"2021-07-06T12:56:07","guid":{"rendered":"https:\/\/www.orviken.se\/?page_id=333"},"modified":"2021-08-20T21:35:43","modified_gmt":"2021-08-20T19:35:43","slug":"byggnader","status":"publish","type":"page","link":"https:\/\/www.orviken.se\/en\/byggnader\/","title":{"rendered":"Buildings"},"content":{"rendered":"<p><strong>Click to enlarge images<\/strong><\/p>\n\n\n\n<p>Here you can see older photos of buildings that exist and have existed in \u00d6rviken!<\/p>\n\n\n\n<figure class=\"wp-block-gallery columns-2 is-cropped wp-block-gallery-1 is-layout-flex wp-block-gallery-is-layout-flex\"><ul class=\"blocks-gallery-grid\"><li class=\"blocks-gallery-item\"><figure><a href=\"https:\/\/www.orviken.se\/wp-content\/uploads\/2021\/07\/\u6a99vikens-folkskola-1920.jpg\"><img loading=\"lazy\" decoding=\"async\" width=\"900\" height=\"520\" src=\"https:\/\/www.orviken.se\/wp-content\/uploads\/2021\/07\/\u6a99vikens-folkskola-1920.jpg\" alt=\"\" data-id=\"429\" data-full-url=\"https:\/\/www.orviken.se\/wp-content\/uploads\/2021\/07\/\u6a99vikens-folkskola-1920.jpg\" data-link=\"https:\/\/www.orviken.se\/byggnader\/%e6%aa%99vikens-folkskola-1920\/\" class=\"wp-image-429\" srcset=\"https:\/\/www.orviken.se\/wp-content\/uploads\/2021\/07\/\u6a99vikens-folkskola-1920.jpg 900w, https:\/\/www.orviken.se\/wp-content\/uploads\/2021\/07\/\u6a99vikens-folkskola-1920-300x173.jpg 300w, https:\/\/www.orviken.se\/wp-content\/uploads\/2021\/07\/\u6a99vikens-folkskola-1920-768x444.jpg 768w\" sizes=\"auto, (max-width: 900px) 100vw, 900px\" \/><\/a><figcaption class=\"blocks-gallery-item__caption\">\u00d6rvikens school in 1920<\/figcaption><\/figure><\/li><li class=\"blocks-gallery-item\"><figure><a href=\"https:\/\/www.orviken.se\/wp-content\/uploads\/2021\/07\/\u2122vre-platsen-fr\u2020n-sydost-1925.jpg\"><img loading=\"lazy\" decoding=\"async\" width=\"1100\" height=\"637\" src=\"https:\/\/www.orviken.se\/wp-content\/uploads\/2021\/07\/\u2122vre-platsen-fr\u2020n-sydost-1925.jpg\" alt=\"\" data-id=\"427\" data-full-url=\"https:\/\/www.orviken.se\/wp-content\/uploads\/2021\/07\/\u2122vre-platsen-fr\u2020n-sydost-1925.jpg\" data-link=\"https:\/\/www.orviken.se\/byggnader\/vre-platsen-fr%e2%80%a0n-sydost-1925\/\" class=\"wp-image-427\" srcset=\"https:\/\/www.orviken.se\/wp-content\/uploads\/2021\/07\/\u2122vre-platsen-fr\u2020n-sydost-1925.jpg 1100w, https:\/\/www.orviken.se\/wp-content\/uploads\/2021\/07\/\u2122vre-platsen-fr\u2020n-sydost-1925-300x174.jpg 300w, https:\/\/www.orviken.se\/wp-content\/uploads\/2021\/07\/\u2122vre-platsen-fr\u2020n-sydost-1925-1024x593.jpg 1024w, https:\/\/www.orviken.se\/wp-content\/uploads\/2021\/07\/\u2122vre-platsen-fr\u2020n-sydost-1925-768x445.jpg 768w\" sizes=\"auto, (max-width: 1100px) 100vw, 1100px\" \/><\/a><figcaption class=\"blocks-gallery-item__caption\">\u00d6vre platsen in 1925 from the southeast<\/figcaption><\/figure><\/li><li class=\"blocks-gallery-item\"><figure><a href=\"https:\/\/www.orviken.se\/wp-content\/uploads\/2021\/07\/cid_7C6D6873-F52D-499B-BCE5-F2A5860B9A21.jpg\"><img loading=\"lazy\" decoding=\"async\" width=\"721\" height=\"541\" src=\"https:\/\/www.orviken.se\/wp-content\/uploads\/2021\/07\/cid_7C6D6873-F52D-499B-BCE5-F2A5860B9A21.jpg\" alt=\"\" data-id=\"421\" data-full-url=\"https:\/\/www.orviken.se\/wp-content\/uploads\/2021\/07\/cid_7C6D6873-F52D-499B-BCE5-F2A5860B9A21.jpg\" data-link=\"https:\/\/www.orviken.se\/byggnader\/cid_7c6d6873-f52d-499b-bce5-f2a5860b9a21\/\" class=\"wp-image-421\" srcset=\"https:\/\/www.orviken.se\/wp-content\/uploads\/2021\/07\/cid_7C6D6873-F52D-499B-BCE5-F2A5860B9A21.jpg 721w, https:\/\/www.orviken.se\/wp-content\/uploads\/2021\/07\/cid_7C6D6873-F52D-499B-BCE5-F2A5860B9A21-300x225.jpg 300w\" sizes=\"auto, (max-width: 721px) 100vw, 721px\" \/><\/a><\/figure><\/li><li class=\"blocks-gallery-item\"><figure><a href=\"https:\/\/www.orviken.se\/wp-content\/uploads\/2021\/07\/cid_07DB17DB-20FA-43BF-B59F-A853C8CFC0D5.jpg\"><img loading=\"lazy\" decoding=\"async\" width=\"676\" height=\"435\" src=\"https:\/\/www.orviken.se\/wp-content\/uploads\/2021\/07\/cid_07DB17DB-20FA-43BF-B59F-A853C8CFC0D5.jpg\" alt=\"\" data-id=\"422\" data-full-url=\"https:\/\/www.orviken.se\/wp-content\/uploads\/2021\/07\/cid_07DB17DB-20FA-43BF-B59F-A853C8CFC0D5.jpg\" data-link=\"https:\/\/www.orviken.se\/byggnader\/cid_07db17db-20fa-43bf-b59f-a853c8cfc0d5\/\" class=\"wp-image-422\" srcset=\"https:\/\/www.orviken.se\/wp-content\/uploads\/2021\/07\/cid_07DB17DB-20FA-43BF-B59F-A853C8CFC0D5.jpg 676w, https:\/\/www.orviken.se\/wp-content\/uploads\/2021\/07\/cid_07DB17DB-20FA-43BF-B59F-A853C8CFC0D5-300x193.jpg 300w\" sizes=\"auto, (max-width: 676px) 100vw, 676px\" \/><\/a><\/figure><\/li><li class=\"blocks-gallery-item\"><figure><a href=\"https:\/\/www.orviken.se\/wp-content\/uploads\/2021\/07\/\u6a8brviken-bostadsgata-1910-12.jpg\"><img loading=\"lazy\" decoding=\"async\" width=\"900\" height=\"560\" src=\"https:\/\/www.orviken.se\/wp-content\/uploads\/2021\/07\/\u6a8brviken-bostadsgata-1910-12.jpg\" alt=\"\" data-id=\"428\" data-full-url=\"https:\/\/www.orviken.se\/wp-content\/uploads\/2021\/07\/\u6a8brviken-bostadsgata-1910-12.jpg\" data-link=\"https:\/\/www.orviken.se\/byggnader\/%e6%aa%8brviken-bostadsgata-1910-12\/\" class=\"wp-image-428\" srcset=\"https:\/\/www.orviken.se\/wp-content\/uploads\/2021\/07\/\u6a8brviken-bostadsgata-1910-12.jpg 900w, https:\/\/www.orviken.se\/wp-content\/uploads\/2021\/07\/\u6a8brviken-bostadsgata-1910-12-300x187.jpg 300w, https:\/\/www.orviken.se\/wp-content\/uploads\/2021\/07\/\u6a8brviken-bostadsgata-1910-12-768x478.jpg 768w, https:\/\/www.orviken.se\/wp-content\/uploads\/2021\/07\/\u6a8brviken-bostadsgata-1910-12-200x125.jpg 200w\" sizes=\"auto, (max-width: 900px) 100vw, 900px\" \/><\/a><figcaption class=\"blocks-gallery-item__caption\">1910-20<br>\u00d6rviken Residential street<\/figcaption><\/figure><\/li><li class=\"blocks-gallery-item\"><figure><a href=\"https:\/\/www.orviken.se\/wp-content\/uploads\/2021\/07\/cid_424B3A1E-AC04-4447-BB05-809E67A7AF9D.jpg\"><img loading=\"lazy\" decoding=\"async\" width=\"705\" height=\"492\" src=\"https:\/\/www.orviken.se\/wp-content\/uploads\/2021\/07\/cid_424B3A1E-AC04-4447-BB05-809E67A7AF9D.jpg\" alt=\"\" data-id=\"423\" data-full-url=\"https:\/\/www.orviken.se\/wp-content\/uploads\/2021\/07\/cid_424B3A1E-AC04-4447-BB05-809E67A7AF9D.jpg\" data-link=\"https:\/\/www.orviken.se\/byggnader\/cid_424b3a1e-ac04-4447-bb05-809e67a7af9d\/\" class=\"wp-image-423\" srcset=\"https:\/\/www.orviken.se\/wp-content\/uploads\/2021\/07\/cid_424B3A1E-AC04-4447-BB05-809E67A7AF9D.jpg 705w, https:\/\/www.orviken.se\/wp-content\/uploads\/2021\/07\/cid_424B3A1E-AC04-4447-BB05-809E67A7AF9D-300x209.jpg 300w\" sizes=\"auto, (max-width: 705px) 100vw, 705px\" \/><\/a><\/figure><\/li><li class=\"blocks-gallery-item\"><figure><a href=\"https:\/\/www.orviken.se\/wp-content\/uploads\/2021\/07\/\u2122vre-platsen-fr\u2020n-nordost-1925.jpg\"><img loading=\"lazy\" decoding=\"async\" width=\"950\" height=\"611\" src=\"https:\/\/www.orviken.se\/wp-content\/uploads\/2021\/07\/\u2122vre-platsen-fr\u2020n-nordost-1925.jpg\" alt=\"\" data-id=\"426\" data-full-url=\"https:\/\/www.orviken.se\/wp-content\/uploads\/2021\/07\/\u2122vre-platsen-fr\u2020n-nordost-1925.jpg\" data-link=\"https:\/\/www.orviken.se\/byggnader\/vre-platsen-fr%e2%80%a0n-nordost-1925\/\" class=\"wp-image-426\" srcset=\"https:\/\/www.orviken.se\/wp-content\/uploads\/2021\/07\/\u2122vre-platsen-fr\u2020n-nordost-1925.jpg 950w, https:\/\/www.orviken.se\/wp-content\/uploads\/2021\/07\/\u2122vre-platsen-fr\u2020n-nordost-1925-300x193.jpg 300w, https:\/\/www.orviken.se\/wp-content\/uploads\/2021\/07\/\u2122vre-platsen-fr\u2020n-nordost-1925-768x494.jpg 768w\" sizes=\"auto, (max-width: 950px) 100vw, 950px\" \/><\/a><figcaption class=\"blocks-gallery-item__caption\">\u00d6vre platsen from the northeast in 1925<\/figcaption><\/figure><\/li><li class=\"blocks-gallery-item\"><figure><a href=\"https:\/\/www.orviken.se\/wp-content\/uploads\/2021\/07\/cid_680DFB99-555A-4824-BEE2-C8755A7D2270.jpg\"><img loading=\"lazy\" decoding=\"async\" width=\"684\" height=\"468\" src=\"https:\/\/www.orviken.se\/wp-content\/uploads\/2021\/07\/cid_680DFB99-555A-4824-BEE2-C8755A7D2270.jpg\" alt=\"\" data-id=\"424\" data-full-url=\"https:\/\/www.orviken.se\/wp-content\/uploads\/2021\/07\/cid_680DFB99-555A-4824-BEE2-C8755A7D2270.jpg\" data-link=\"https:\/\/www.orviken.se\/byggnader\/cid_680dfb99-555a-4824-bee2-c8755a7d2270\/\" class=\"wp-image-424\" srcset=\"https:\/\/www.orviken.se\/wp-content\/uploads\/2021\/07\/cid_680DFB99-555A-4824-BEE2-C8755A7D2270.jpg 684w, https:\/\/www.orviken.se\/wp-content\/uploads\/2021\/07\/cid_680DFB99-555A-4824-BEE2-C8755A7D2270-300x205.jpg 300w\" sizes=\"auto, (max-width: 684px) 100vw, 684px\" \/><\/a><\/figure><\/li><li class=\"blocks-gallery-item\"><figure><a href=\"https:\/\/www.orviken.se\/wp-content\/uploads\/2021\/07\/Kooperativa-\u6a99viken-40-50tal-kopiera.jpg\"><img loading=\"lazy\" decoding=\"async\" width=\"1100\" height=\"780\" src=\"https:\/\/www.orviken.se\/wp-content\/uploads\/2021\/07\/Kooperativa-\u6a99viken-40-50tal-kopiera.jpg\" alt=\"\" data-id=\"425\" data-full-url=\"https:\/\/www.orviken.se\/wp-content\/uploads\/2021\/07\/Kooperativa-\u6a99viken-40-50tal-kopiera.jpg\" data-link=\"https:\/\/www.orviken.se\/byggnader\/kooperativa-%e6%aa%99viken-40-50tal-kopiera\/\" class=\"wp-image-425\" srcset=\"https:\/\/www.orviken.se\/wp-content\/uploads\/2021\/07\/Kooperativa-\u6a99viken-40-50tal-kopiera.jpg 1100w, https:\/\/www.orviken.se\/wp-content\/uploads\/2021\/07\/Kooperativa-\u6a99viken-40-50tal-kopiera-300x213.jpg 300w, https:\/\/www.orviken.se\/wp-content\/uploads\/2021\/07\/Kooperativa-\u6a99viken-40-50tal-kopiera-1024x726.jpg 1024w, https:\/\/www.orviken.se\/wp-content\/uploads\/2021\/07\/Kooperativa-\u6a99viken-40-50tal-kopiera-768x545.jpg 768w\" sizes=\"auto, (max-width: 1100px) 100vw, 1100px\" \/><\/a><figcaption class=\"blocks-gallery-item__caption\">Cooperative \u00d6rviken 40-50s<\/figcaption><\/figure><\/li><\/ul><\/figure>\n\n\n\n<p><\/p>\n\n\n\n<figure class=\"wp-block-gallery columns-2 is-cropped wp-block-gallery-2 is-layout-flex wp-block-gallery-is-layout-flex\"><ul class=\"blocks-gallery-grid\"><li class=\"blocks-gallery-item\"><figure><a href=\"https:\/\/www.orviken.se\/wp-content\/uploads\/2021\/07\/Folkets-hus-byggt-1931-kopiera.jpg\"><img loading=\"lazy\" decoding=\"async\" width=\"950\" height=\"612\" src=\"https:\/\/www.orviken.se\/wp-content\/uploads\/2021\/07\/Folkets-hus-byggt-1931-kopiera.jpg\" alt=\"\" data-id=\"455\" data-full-url=\"https:\/\/www.orviken.se\/wp-content\/uploads\/2021\/07\/Folkets-hus-byggt-1931-kopiera.jpg\" data-link=\"https:\/\/www.orviken.se\/byggnader\/folkets-hus-byggt-1931-kopiera\/\" class=\"wp-image-455\" srcset=\"https:\/\/www.orviken.se\/wp-content\/uploads\/2021\/07\/Folkets-hus-byggt-1931-kopiera.jpg 950w, https:\/\/www.orviken.se\/wp-content\/uploads\/2021\/07\/Folkets-hus-byggt-1931-kopiera-300x193.jpg 300w, https:\/\/www.orviken.se\/wp-content\/uploads\/2021\/07\/Folkets-hus-byggt-1931-kopiera-768x495.jpg 768w\" sizes=\"auto, (max-width: 950px) 100vw, 950px\" \/><\/a><figcaption class=\"blocks-gallery-item__caption\">The Community House built in 1931<\/figcaption><\/figure><\/li><li class=\"blocks-gallery-item\"><figure><a href=\"https:\/\/www.orviken.se\/wp-content\/uploads\/2021\/07\/Folkets-hus-redigerad-scaled.jpg\"><img loading=\"lazy\" decoding=\"async\" width=\"1024\" height=\"541\" src=\"https:\/\/www.orviken.se\/wp-content\/uploads\/2021\/07\/Folkets-hus-redigerad-1024x541.jpg\" alt=\"\" data-id=\"217\" data-full-url=\"https:\/\/www.orviken.se\/wp-content\/uploads\/2021\/07\/Folkets-hus-redigerad-scaled.jpg\" data-link=\"https:\/\/www.orviken.se\/folkets-hus\/folkets-hus-redigerad\/\" class=\"wp-image-217\" srcset=\"https:\/\/www.orviken.se\/wp-content\/uploads\/2021\/07\/Folkets-hus-redigerad-1024x541.jpg 1024w, https:\/\/www.orviken.se\/wp-content\/uploads\/2021\/07\/Folkets-hus-redigerad-300x158.jpg 300w, https:\/\/www.orviken.se\/wp-content\/uploads\/2021\/07\/Folkets-hus-redigerad-768x406.jpg 768w, https:\/\/www.orviken.se\/wp-content\/uploads\/2021\/07\/Folkets-hus-redigerad-1536x811.jpg 1536w, https:\/\/www.orviken.se\/wp-content\/uploads\/2021\/07\/Folkets-hus-redigerad-2048x1081.jpg 2048w\" sizes=\"auto, (max-width: 1024px) 100vw, 1024px\" \/><\/a><figcaption class=\"blocks-gallery-item__caption\">The Community House in 2021<\/figcaption><\/figure><\/li><\/ul><\/figure>","protected":false},"excerpt":{"rendered":"<p>Click to enlarge images Here you can see older photos of buildings that exist and have existed in \u00d6rviken!<\/p>","protected":false},"author":1,"featured_media":0,"parent":0,"menu_order":4,"comment_status":"closed","ping_status":"closed","template":"","meta":{"inline_featured_image":false,"footnotes":""},"class_list":["post-333","page","type-page","status-publish","hentry"],"yoast_head":"<!-- This site is optimized with the Yoast SEO plugin v27.4 - https:\/\/yoast.com\/product\/yoast-seo-wordpress\/ -->\n<title>Byggnader - \u00d6rviken<\/title>\n<meta name=\"robots\" content=\"index, follow, max-snippet:-1, max-image-preview:large, max-video-preview:-1\" \/>\n<link rel=\"canonical\" href=\"https:\/\/www.orviken.se\/en\/byggnader\/\" \/>\n<meta property=\"og:locale\" content=\"en_US\" \/>\n<meta property=\"og:type\" content=\"article\" \/>\n<meta property=\"og:title\" content=\"Byggnader - \u00d6rviken\" \/>\n<meta property=\"og:description\" content=\"Tryck f\u00f6r att f\u00f6rstora bilder H\u00e4r kan du se \u00e4ldre foton av byggnader som finns och har funnits i \u00d6rviken!\" \/>\n<meta property=\"og:url\" content=\"https:\/\/www.orviken.se\/en\/byggnader\/\" \/>\n<meta property=\"og:site_name\" content=\"\u00d6rviken\" \/>\n<meta property=\"article:publisher\" content=\"https:\/\/www.facebook.com\/groups\/orviken\/about\" \/>\n<meta property=\"article:modified_time\" content=\"2021-08-20T19:35:43+00:00\" \/>\n<meta property=\"og:image\" content=\"https:\/\/www.orviken.se\/wp-content\/uploads\/2021\/07\/\u6a99vikens-folkskola-1920.jpg\" \/>\n<meta name=\"twitter:card\" content=\"summary_large_image\" \/>\n<script type=\"application\/ld+json\" class=\"yoast-schema-graph\">{\"@context\":\"https:\\\/\\\/schema.org\",\"@graph\":[{\"@type\":\"WebPage\",\"@id\":\"https:\\\/\\\/www.orviken.se\\\/byggnader\\\/\",\"url\":\"https:\\\/\\\/www.orviken.se\\\/byggnader\\\/\",\"name\":\"Byggnader - \u00d6rviken\",\"isPartOf\":{\"@id\":\"https:\\\/\\\/www.orviken.se\\\/#website\"},\"primaryImageOfPage\":{\"@id\":\"https:\\\/\\\/www.orviken.se\\\/byggnader\\\/#primaryimage\"},\"image\":{\"@id\":\"https:\\\/\\\/www.orviken.se\\\/byggnader\\\/#primaryimage\"},\"thumbnailUrl\":\"https:\\\/\\\/www.orviken.se\\\/wp-content\\\/uploads\\\/2021\\\/07\\\/cid_7C6D6873-F52D-499B-BCE5-F2A5860B9A21.jpg\",\"datePublished\":\"2021-07-06T12:56:07+00:00\",\"dateModified\":\"2021-08-20T19:35:43+00:00\",\"breadcrumb\":{\"@id\":\"https:\\\/\\\/www.orviken.se\\\/byggnader\\\/#breadcrumb\"},\"inLanguage\":\"en-US\",\"potentialAction\":[{\"@type\":\"ReadAction\",\"target\":[\"https:\\\/\\\/www.orviken.se\\\/byggnader\\\/\"]}]},{\"@type\":\"ImageObject\",\"inLanguage\":\"en-US\",\"@id\":\"https:\\\/\\\/www.orviken.se\\\/byggnader\\\/#primaryimage\",\"url\":\"https:\\\/\\\/www.orviken.se\\\/wp-content\\\/uploads\\\/2021\\\/07\\\/cid_7C6D6873-F52D-499B-BCE5-F2A5860B9A21.jpg\",\"contentUrl\":\"https:\\\/\\\/www.orviken.se\\\/wp-content\\\/uploads\\\/2021\\\/07\\\/cid_7C6D6873-F52D-499B-BCE5-F2A5860B9A21.jpg\"},{\"@type\":\"BreadcrumbList\",\"@id\":\"https:\\\/\\\/www.orviken.se\\\/byggnader\\\/#breadcrumb\",\"itemListElement\":[{\"@type\":\"ListItem\",\"position\":1,\"name\":\"Hem\",\"item\":\"https:\\\/\\\/www.orviken.se\\\/\"},{\"@type\":\"ListItem\",\"position\":2,\"name\":\"Byggnader\"}]},{\"@type\":\"WebSite\",\"@id\":\"https:\\\/\\\/www.orviken.se\\\/#website\",\"url\":\"https:\\\/\\\/www.orviken.se\\\/\",\"name\":\"\u00d6rviken\",\"description\":\"Kustens p\u00e4rla\",\"publisher\":{\"@id\":\"https:\\\/\\\/www.orviken.se\\\/#organization\"},\"potentialAction\":[{\"@type\":\"SearchAction\",\"target\":{\"@type\":\"EntryPoint\",\"urlTemplate\":\"https:\\\/\\\/www.orviken.se\\\/?s={search_term_string}\"},\"query-input\":{\"@type\":\"PropertyValueSpecification\",\"valueRequired\":true,\"valueName\":\"search_term_string\"}}],\"inLanguage\":\"en-US\"},{\"@type\":\"Organization\",\"@id\":\"https:\\\/\\\/www.orviken.se\\\/#organization\",\"name\":\"\u00d6rvikens Byaf\u00f6rening\",\"url\":\"https:\\\/\\\/www.orviken.se\\\/\",\"logo\":{\"@type\":\"ImageObject\",\"inLanguage\":\"en-US\",\"@id\":\"https:\\\/\\\/www.orviken.se\\\/#\\\/schema\\\/logo\\\/image\\\/\",\"url\":\"https:\\\/\\\/i2.wp.com\\\/www.orviken.se\\\/wp-content\\\/uploads\\\/2021\\\/06\\\/O\u0308rviken-logga.jpg?fit=196%2C200&ssl=1\",\"contentUrl\":\"https:\\\/\\\/i2.wp.com\\\/www.orviken.se\\\/wp-content\\\/uploads\\\/2021\\\/06\\\/O\u0308rviken-logga.jpg?fit=196%2C200&ssl=1\",\"width\":196,\"height\":200,\"caption\":\"\u00d6rvikens Byaf\u00f6rening\"},\"image\":{\"@id\":\"https:\\\/\\\/www.orviken.se\\\/#\\\/schema\\\/logo\\\/image\\\/\"},\"sameAs\":[\"https:\\\/\\\/www.facebook.com\\\/groups\\\/orviken\\\/about\"]}]}<\/script>\n<!-- \/ Yoast SEO plugin. -->","yoast_head_json":{"title":"Buildings - \u00d6rviken","robots":{"index":"index","follow":"follow","max-snippet":"max-snippet:-1","max-image-preview":"max-image-preview:large","max-video-preview":"max-video-preview:-1"},"canonical":"https:\/\/www.orviken.se\/en\/byggnader\/","og_locale":"en_US","og_type":"article","og_title":"Byggnader - \u00d6rviken","og_description":"Tryck f\u00f6r att f\u00f6rstora bilder H\u00e4r kan du se \u00e4ldre foton av byggnader som finns och har funnits i \u00d6rviken!","og_url":"https:\/\/www.orviken.se\/en\/byggnader\/","og_site_name":"\u00d6rviken","article_publisher":"https:\/\/www.facebook.com\/groups\/orviken\/about","article_modified_time":"2021-08-20T19:35:43+00:00","og_image":[{"url":"https:\/\/www.orviken.se\/wp-content\/uploads\/2021\/07\/\u6a99vikens-folkskola-1920.jpg","type":"","width":"","height":""}],"twitter_card":"summary_large_image","schema":{"@context":"https:\/\/schema.org","@graph":[{"@type":"WebPage","@id":"https:\/\/www.orviken.se\/byggnader\/","url":"https:\/\/www.orviken.se\/byggnader\/","name":"Buildings - \u00d6rviken","isPartOf":{"@id":"https:\/\/www.orviken.se\/#website"},"primaryImageOfPage":{"@id":"https:\/\/www.orviken.se\/byggnader\/#primaryimage"},"image":{"@id":"https:\/\/www.orviken.se\/byggnader\/#primaryimage"},"thumbnailUrl":"https:\/\/www.orviken.se\/wp-content\/uploads\/2021\/07\/cid_7C6D6873-F52D-499B-BCE5-F2A5860B9A21.jpg","datePublished":"2021-07-06T12:56:07+00:00","dateModified":"2021-08-20T19:35:43+00:00","breadcrumb":{"@id":"https:\/\/www.orviken.se\/byggnader\/#breadcrumb"},"inLanguage":"en-US","potentialAction":[{"@type":"ReadAction","target":["https:\/\/www.orviken.se\/byggnader\/"]}]},{"@type":"ImageObject","inLanguage":"en-US","@id":"https:\/\/www.orviken.se\/byggnader\/#primaryimage","url":"https:\/\/www.orviken.se\/wp-content\/uploads\/2021\/07\/cid_7C6D6873-F52D-499B-BCE5-F2A5860B9A21.jpg","contentUrl":"https:\/\/www.orviken.se\/wp-content\/uploads\/2021\/07\/cid_7C6D6873-F52D-499B-BCE5-F2A5860B9A21.jpg"},{"@type":"BreadcrumbList","@id":"https:\/\/www.orviken.se\/byggnader\/#breadcrumb","itemListElement":[{"@type":"ListItem","position":1,"name":"Hem","item":"https:\/\/www.orviken.se\/"},{"@type":"ListItem","position":2,"name":"Byggnader"}]},{"@type":"WebSite","@id":"https:\/\/www.orviken.se\/#website","url":"https:\/\/www.orviken.se\/","name":"\u00d6rviken","description":"The pearl of the coast","publisher":{"@id":"https:\/\/www.orviken.se\/#organization"},"potentialAction":[{"@type":"SearchAction","target":{"@type":"EntryPoint","urlTemplate":"https:\/\/www.orviken.se\/?s={search_term_string}"},"query-input":{"@type":"PropertyValueSpecification","valueRequired":true,"valueName":"search_term_string"}}],"inLanguage":"en-US"},{"@type":"Organization","@id":"https:\/\/www.orviken.se\/#organization","name":"\u00d6rviken Village Association","url":"https:\/\/www.orviken.se\/","logo":{"@type":"ImageObject","inLanguage":"en-US","@id":"https:\/\/www.orviken.se\/#\/schema\/logo\/image\/","url":"https:\/\/i2.wp.com\/www.orviken.se\/wp-content\/uploads\/2021\/06\/O\u0308rviken-logga.jpg?fit=196%2C200&ssl=1","contentUrl":"https:\/\/i2.wp.com\/www.orviken.se\/wp-content\/uploads\/2021\/06\/O\u0308rviken-logga.jpg?fit=196%2C200&ssl=1","width":196,"height":200,"caption":"\u00d6rvikens Byaf\u00f6rening"},"image":{"@id":"https:\/\/www.orviken.se\/#\/schema\/logo\/image\/"},"sameAs":["https:\/\/www.facebook.com\/groups\/orviken\/about"]}]}},"_links":{"self":[{"href":"https:\/\/www.orviken.se\/en\/wp-json\/wp\/v2\/pages\/333","targetHints":{"allow":["GET"]}}],"collection":[{"href":"https:\/\/www.orviken.se\/en\/wp-json\/wp\/v2\/pages"}],"about":[{"href":"https:\/\/www.orviken.se\/en\/wp-json\/wp\/v2\/types\/page"}],"author":[{"embeddable":true,"href":"https:\/\/www.orviken.se\/en\/wp-json\/wp\/v2\/users\/1"}],"replies":[{"embeddable":true,"href":"https:\/\/www.orviken.se\/en\/wp-json\/wp\/v2\/comments?post=333"}],"version-history":[{"count":10,"href":"https:\/\/www.orviken.se\/en\/wp-json\/wp\/v2\/pages\/333\/revisions"}],"predecessor-version":[{"id":998,"href":"https:\/\/www.orviken.se\/en\/wp-json\/wp\/v2\/pages\/333\/revisions\/998"}],"wp:attachment":[{"href":"https:\/\/www.orviken.se\/en\/wp-json\/wp\/v2\/media?parent=333"}],"curies":[{"name":"wp","href":"https:\/\/api.w.org\/{rel}","templated":true}]}}