{"id":1428,"date":"2022-03-31T16:55:34","date_gmt":"2022-03-31T14:55:34","guid":{"rendered":"https:\/\/www.orviken.se\/?page_id=1428"},"modified":"2026-03-10T08:09:10","modified_gmt":"2026-03-10T07:09:10","slug":"folketshusforening-infoblad","status":"publish","type":"page","link":"https:\/\/www.orviken.se\/en\/folketshusforening-infoblad\/","title":{"rendered":"The Community House association information sheet"},"content":{"rendered":"<p>Here you can read the information sheet regarding \u00d6rvikens <a href=\"https:\/\/www.orviken.se\/en\/folkets-hus\/\">Community House Association<\/a>. When new information sheets are written, they are published here.<\/p>\n\n\n\n<p class=\"has-luminous-vivid-amber-color has-text-color has-link-color wp-elements-5de6f231c0abc1bae19397689e843184\"><span class=\"collapseomatic\" id=\"id69fc485d8456b\"  tabindex=\"0\" title=\"Folketing House 2026\"    >Folketing House 2026<\/span><div id=\"target-id69fc485d8456b\" class=\"collapseomatic_content\">\n\n\n\n<div data-wp-interactive=\"core\/file\" class=\"wp-block-file\"><object data-wp-bind--hidden=\"!state.hasPdfPreview\" hidden class=\"wp-block-file__embed\" data=\"https:\/\/www.orviken.se\/wp-content\/uploads\/2026\/03\/FH-Infoblad-2025-1.pdf\" type=\"application\/pdf\" style=\"width:100%;height:600px\" aria-label=\"Embed of FH-Infoblad-2025.\"><\/object><a id=\"wp-block-file--media-238f9744-5227-4f6a-8058-c75b45b11a38\" href=\"https:\/\/www.orviken.se\/wp-content\/uploads\/2026\/03\/FH-Infoblad-2025-1.pdf\">FH-Infosheet-2025<\/a><\/div>\n\n\n\n<\/div>\n\n\n\n<p><\/p>\n\n\n\n<p class=\"has-luminous-vivid-amber-color has-text-color has-link-color wp-elements-867a3b8ee3aed2c7b1fcaba55074b989\"><span class=\"collapseomatic\" id=\"id69fc485d845d5\"  tabindex=\"0\" title=\"Folketing House 2024\"    >Folketing House 2024<\/span><div id=\"target-id69fc485d845d5\" class=\"collapseomatic_content\">\n\n\n\n<div data-wp-interactive=\"core\/file\" class=\"wp-block-file\"><object data-wp-bind--hidden=\"!state.hasPdfPreview\" hidden class=\"wp-block-file__embed\" data=\"https:\/\/www.orviken.se\/wp-content\/uploads\/2025\/01\/FolketsHus-Infoblad-Hosten-2024-1.pdf\" type=\"application\/pdf\" style=\"width:100%;height:600px\" aria-label=\"Embed of FolketsHus Infoblad-H\u00f6sten-2024.\"><\/object><a id=\"wp-block-file--media-1a817ffe-9380-4e4d-9186-991293c7e55e\" href=\"https:\/\/www.orviken.se\/wp-content\/uploads\/2025\/01\/FolketsHus-Infoblad-Hosten-2024-1.pdf\">FolketsHus Infosheet-Autumn-2024<\/a><\/div>\n\n\n\n<\/div>\n\n\n\n<p class=\"has-luminous-vivid-amber-color has-text-color has-link-color wp-elements-3fc83a585dc97454b4e0002f9023ec92\"><span class=\"collapseomatic\" id=\"id69fc485d845f4\"  tabindex=\"0\" title=\"House of Commons 2023\"    >House of Commons 2023<\/span><div id=\"target-id69fc485d845f4\" class=\"collapseomatic_content\">\n\n\n\n<div data-wp-interactive=\"core\/file\" class=\"wp-block-file\"><object data-wp-bind--hidden=\"!state.hasPdfPreview\" hidden class=\"wp-block-file__embed\" data=\"https:\/\/www.orviken.se\/wp-content\/uploads\/2023\/11\/FolketsHus-Infoblad-Hosten-2023.pdf\" type=\"application\/pdf\" style=\"width:100%;height:600px\" aria-label=\"Embed of FolketsHus-Infoblad-Autumn-2023.\"><\/object><a id=\"wp-block-file--media-5d8be034-7a67-44aa-bea2-9d576973af80\" href=\"https:\/\/www.orviken.se\/wp-content\/uploads\/2023\/11\/FolketsHus-Infoblad-Hosten-2023.pdf\">FolketsHus-Infoblad-Autumn-2023<\/a><\/div>\n\n\n\n<\/div>\n\n\n\n<p class=\"has-luminous-vivid-amber-color has-text-color\"><span class=\"collapseomatic\" id=\"id69fc485d8460d\"  tabindex=\"0\" title=\"House of Commons 2022\"    >House of Commons 2022<\/span><div id=\"target-id69fc485d8460d\" class=\"collapseomatic_content\">\n\n\n\n<div data-wp-interactive=\"core\/file\" class=\"wp-block-file\"><object data-wp-bind--hidden=\"!state.hasPdfPreview\" hidden class=\"wp-block-file__embed\" data=\"https:\/\/www.orviken.se\/wp-content\/uploads\/2023\/01\/FolketsHus-Infoblad-Hosten-2022-2.pdf\" type=\"application\/pdf\" style=\"width:100%;height:600px\" aria-label=\"Embed of FolketsHus-Infoblad-Autumn-2022.\"><\/object><a id=\"wp-block-file--media-9f68806a-785a-45b5-a71a-f8e7c3ef5f5b\" href=\"https:\/\/www.orviken.se\/wp-content\/uploads\/2023\/01\/FolketsHus-Infoblad-Hosten-2022-2.pdf\">FolketsHus-Infoblad-Autumn-2022<\/a><\/div>\n\n\n\n<\/div>\n\n\n\n<p class=\"has-luminous-vivid-amber-color has-text-color\"><span class=\"collapseomatic\" id=\"id69fc485d84621\"  tabindex=\"0\" title=\"Community House 2021\"    >Community House 2021<\/span><div id=\"target-id69fc485d84621\" class=\"collapseomatic_content\">\n\n\n\n<div data-wp-interactive=\"core\/file\" class=\"wp-block-file\"><object data-wp-bind--hidden=\"!state.hasPdfPreview\" hidden class=\"wp-block-file__embed\" data=\"https:\/\/www.orviken.se\/wp-content\/uploads\/2022\/03\/FolketsHus-Infoblad-2021.pdf\" type=\"application\/pdf\" style=\"width:100%;height:600px\" aria-label=\"Embed of FolketsHus-Infoblad-2021.\"><\/object><a id=\"wp-block-file--media-c1fe6a73-0baa-4134-aa18-e65d25981581\" href=\"https:\/\/www.orviken.se\/wp-content\/uploads\/2022\/03\/FolketsHus-Infoblad-2021.pdf\">FolketsHus-Infoblad-2021<\/a><\/div>\n\n\n\n<\/div>","protected":false},"excerpt":{"rendered":"<p>Here you can read the information sheet regarding \u00d6rvikens Folketshusf\u00f6rening. When new information sheets are written, they are published here.<\/p>","protected":false},"author":1,"featured_media":0,"parent":0,"menu_order":0,"comment_status":"closed","ping_status":"closed","template":"","meta":{"inline_featured_image":false,"footnotes":""},"class_list":["post-1428","page","type-page","status-publish","hentry"],"yoast_head":"<!-- This site is optimized with the Yoast SEO plugin v27.5 - https:\/\/yoast.com\/product\/yoast-seo-wordpress\/ -->\n<title>Folketshusf\u00f6rening infoblad - \u00d6rviken<\/title>\n<meta name=\"description\" content=\"\u00d6rviken i Skellefte\u00e5 kommuns officiella webbsida - H\u00e4r finns infoblad fr\u00e5n \u00d6rvikens Folketshusf\u00f6rening\" \/>\n<meta name=\"robots\" content=\"index, follow, max-snippet:-1, max-image-preview:large, max-video-preview:-1\" \/>\n<link rel=\"canonical\" href=\"https:\/\/www.orviken.se\/en\/folketshusforening-infoblad\/\" \/>\n<meta property=\"og:locale\" content=\"en_US\" \/>\n<meta property=\"og:type\" content=\"article\" \/>\n<meta property=\"og:title\" content=\"Folketshusf\u00f6rening infoblad - \u00d6rviken\" \/>\n<meta property=\"og:description\" content=\"\u00d6rviken i Skellefte\u00e5 kommuns officiella webbsida - H\u00e4r finns infoblad fr\u00e5n \u00d6rvikens Folketshusf\u00f6rening\" \/>\n<meta property=\"og:url\" content=\"https:\/\/www.orviken.se\/en\/folketshusforening-infoblad\/\" \/>\n<meta property=\"og:site_name\" content=\"\u00d6rviken\" \/>\n<meta property=\"article:publisher\" content=\"https:\/\/www.facebook.com\/groups\/orviken\/about\" \/>\n<meta property=\"article:modified_time\" content=\"2026-03-10T07:09:10+00:00\" \/>\n<meta property=\"og:image\" content=\"https:\/\/www.orviken.se\/wp-content\/uploads\/2021\/06\/5B7A9904-scaled.jpeg\" \/>\n\t<meta property=\"og:image:width\" content=\"2560\" \/>\n\t<meta property=\"og:image:height\" content=\"1707\" \/>\n\t<meta property=\"og:image:type\" content=\"image\/jpeg\" \/>\n<meta name=\"twitter:card\" content=\"summary_large_image\" \/>\n<meta name=\"twitter:label1\" content=\"Est. reading time\" \/>\n\t<meta name=\"twitter:data1\" content=\"1 minute\" \/>\n<script type=\"application\/ld+json\" class=\"yoast-schema-graph\">{\"@context\":\"https:\\\/\\\/schema.org\",\"@graph\":[{\"@type\":\"WebPage\",\"@id\":\"https:\\\/\\\/www.orviken.se\\\/folketshusforening-infoblad\\\/\",\"url\":\"https:\\\/\\\/www.orviken.se\\\/folketshusforening-infoblad\\\/\",\"name\":\"Folketshusf\u00f6rening infoblad - \u00d6rviken\",\"isPartOf\":{\"@id\":\"https:\\\/\\\/www.orviken.se\\\/#website\"},\"datePublished\":\"2022-03-31T14:55:34+00:00\",\"dateModified\":\"2026-03-10T07:09:10+00:00\",\"description\":\"\u00d6rviken i Skellefte\u00e5 kommuns officiella webbsida - H\u00e4r finns infoblad fr\u00e5n \u00d6rvikens Folketshusf\u00f6rening\",\"breadcrumb\":{\"@id\":\"https:\\\/\\\/www.orviken.se\\\/folketshusforening-infoblad\\\/#breadcrumb\"},\"inLanguage\":\"en-US\",\"potentialAction\":[{\"@type\":\"ReadAction\",\"target\":[\"https:\\\/\\\/www.orviken.se\\\/folketshusforening-infoblad\\\/\"]}]},{\"@type\":\"BreadcrumbList\",\"@id\":\"https:\\\/\\\/www.orviken.se\\\/folketshusforening-infoblad\\\/#breadcrumb\",\"itemListElement\":[{\"@type\":\"ListItem\",\"position\":1,\"name\":\"Hem\",\"item\":\"https:\\\/\\\/www.orviken.se\\\/\"},{\"@type\":\"ListItem\",\"position\":2,\"name\":\"Folketshusf\u00f6rening infoblad\"}]},{\"@type\":\"WebSite\",\"@id\":\"https:\\\/\\\/www.orviken.se\\\/#website\",\"url\":\"https:\\\/\\\/www.orviken.se\\\/\",\"name\":\"\u00d6rviken\",\"description\":\"Kustens p\u00e4rla\",\"publisher\":{\"@id\":\"https:\\\/\\\/www.orviken.se\\\/#organization\"},\"potentialAction\":[{\"@type\":\"SearchAction\",\"target\":{\"@type\":\"EntryPoint\",\"urlTemplate\":\"https:\\\/\\\/www.orviken.se\\\/?s={search_term_string}\"},\"query-input\":{\"@type\":\"PropertyValueSpecification\",\"valueRequired\":true,\"valueName\":\"search_term_string\"}}],\"inLanguage\":\"en-US\"},{\"@type\":\"Organization\",\"@id\":\"https:\\\/\\\/www.orviken.se\\\/#organization\",\"name\":\"\u00d6rvikens Byaf\u00f6rening\",\"url\":\"https:\\\/\\\/www.orviken.se\\\/\",\"logo\":{\"@type\":\"ImageObject\",\"inLanguage\":\"en-US\",\"@id\":\"https:\\\/\\\/www.orviken.se\\\/#\\\/schema\\\/logo\\\/image\\\/\",\"url\":\"https:\\\/\\\/i2.wp.com\\\/www.orviken.se\\\/wp-content\\\/uploads\\\/2021\\\/06\\\/O\u0308rviken-logga.jpg?fit=196%2C200&ssl=1\",\"contentUrl\":\"https:\\\/\\\/i2.wp.com\\\/www.orviken.se\\\/wp-content\\\/uploads\\\/2021\\\/06\\\/O\u0308rviken-logga.jpg?fit=196%2C200&ssl=1\",\"width\":196,\"height\":200,\"caption\":\"\u00d6rvikens Byaf\u00f6rening\"},\"image\":{\"@id\":\"https:\\\/\\\/www.orviken.se\\\/#\\\/schema\\\/logo\\\/image\\\/\"},\"sameAs\":[\"https:\\\/\\\/www.facebook.com\\\/groups\\\/orviken\\\/about\"]}]}<\/script>\n<!-- \/ Yoast SEO plugin. -->","yoast_head_json":{"title":"Folketing House Association information sheet - \u00d6rviken","description":"\u00d6rviken in Skellefte\u00e5 Municipality&#039;s official website - Here you will find information sheets from \u00d6rviken Folketshusenf\u00f6rening","robots":{"index":"index","follow":"follow","max-snippet":"max-snippet:-1","max-image-preview":"max-image-preview:large","max-video-preview":"max-video-preview:-1"},"canonical":"https:\/\/www.orviken.se\/en\/folketshusforening-infoblad\/","og_locale":"en_US","og_type":"article","og_title":"Folketshusf\u00f6rening infoblad - \u00d6rviken","og_description":"\u00d6rviken i Skellefte\u00e5 kommuns officiella webbsida - H\u00e4r finns infoblad fr\u00e5n \u00d6rvikens Folketshusf\u00f6rening","og_url":"https:\/\/www.orviken.se\/en\/folketshusforening-infoblad\/","og_site_name":"\u00d6rviken","article_publisher":"https:\/\/www.facebook.com\/groups\/orviken\/about","article_modified_time":"2026-03-10T07:09:10+00:00","og_image":[{"width":2560,"height":1707,"url":"https:\/\/www.orviken.se\/wp-content\/uploads\/2021\/06\/5B7A9904-scaled.jpeg","type":"image\/jpeg"}],"twitter_card":"summary_large_image","twitter_misc":{"Est. reading time":"1 minute"},"schema":{"@context":"https:\/\/schema.org","@graph":[{"@type":"WebPage","@id":"https:\/\/www.orviken.se\/folketshusforening-infoblad\/","url":"https:\/\/www.orviken.se\/folketshusforening-infoblad\/","name":"Folketing House Association information sheet - \u00d6rviken","isPartOf":{"@id":"https:\/\/www.orviken.se\/#website"},"datePublished":"2022-03-31T14:55:34+00:00","dateModified":"2026-03-10T07:09:10+00:00","description":"\u00d6rviken in Skellefte\u00e5 Municipality&#039;s official website - Here you will find information sheets from \u00d6rviken Folketshusenf\u00f6rening","breadcrumb":{"@id":"https:\/\/www.orviken.se\/folketshusforening-infoblad\/#breadcrumb"},"inLanguage":"en-US","potentialAction":[{"@type":"ReadAction","target":["https:\/\/www.orviken.se\/folketshusforening-infoblad\/"]}]},{"@type":"BreadcrumbList","@id":"https:\/\/www.orviken.se\/folketshusforening-infoblad\/#breadcrumb","itemListElement":[{"@type":"ListItem","position":1,"name":"Hem","item":"https:\/\/www.orviken.se\/"},{"@type":"ListItem","position":2,"name":"Folketshusf\u00f6rening infoblad"}]},{"@type":"WebSite","@id":"https:\/\/www.orviken.se\/#website","url":"https:\/\/www.orviken.se\/","name":"\u00d6rviken","description":"The pearl of the coast","publisher":{"@id":"https:\/\/www.orviken.se\/#organization"},"potentialAction":[{"@type":"SearchAction","target":{"@type":"EntryPoint","urlTemplate":"https:\/\/www.orviken.se\/?s={search_term_string}"},"query-input":{"@type":"PropertyValueSpecification","valueRequired":true,"valueName":"search_term_string"}}],"inLanguage":"en-US"},{"@type":"Organization","@id":"https:\/\/www.orviken.se\/#organization","name":"\u00d6rviken Village Association","url":"https:\/\/www.orviken.se\/","logo":{"@type":"ImageObject","inLanguage":"en-US","@id":"https:\/\/www.orviken.se\/#\/schema\/logo\/image\/","url":"https:\/\/i2.wp.com\/www.orviken.se\/wp-content\/uploads\/2021\/06\/O\u0308rviken-logga.jpg?fit=196%2C200&ssl=1","contentUrl":"https:\/\/i2.wp.com\/www.orviken.se\/wp-content\/uploads\/2021\/06\/O\u0308rviken-logga.jpg?fit=196%2C200&ssl=1","width":196,"height":200,"caption":"\u00d6rvikens Byaf\u00f6rening"},"image":{"@id":"https:\/\/www.orviken.se\/#\/schema\/logo\/image\/"},"sameAs":["https:\/\/www.facebook.com\/groups\/orviken\/about"]}]}},"_links":{"self":[{"href":"https:\/\/www.orviken.se\/en\/wp-json\/wp\/v2\/pages\/1428","targetHints":{"allow":["GET"]}}],"collection":[{"href":"https:\/\/www.orviken.se\/en\/wp-json\/wp\/v2\/pages"}],"about":[{"href":"https:\/\/www.orviken.se\/en\/wp-json\/wp\/v2\/types\/page"}],"author":[{"embeddable":true,"href":"https:\/\/www.orviken.se\/en\/wp-json\/wp\/v2\/users\/1"}],"replies":[{"embeddable":true,"href":"https:\/\/www.orviken.se\/en\/wp-json\/wp\/v2\/comments?post=1428"}],"version-history":[{"count":8,"href":"https:\/\/www.orviken.se\/en\/wp-json\/wp\/v2\/pages\/1428\/revisions"}],"predecessor-version":[{"id":2542,"href":"https:\/\/www.orviken.se\/en\/wp-json\/wp\/v2\/pages\/1428\/revisions\/2542"}],"wp:attachment":[{"href":"https:\/\/www.orviken.se\/en\/wp-json\/wp\/v2\/media?parent=1428"}],"curies":[{"name":"wp","href":"https:\/\/api.w.org\/{rel}","templated":true}]}}