{"id":1394,"date":"2022-03-14T14:28:42","date_gmt":"2022-03-14T13:28:42","guid":{"rendered":"https:\/\/www.orviken.se\/?page_id=1394"},"modified":"2026-03-10T08:06:27","modified_gmt":"2026-03-10T07:06:27","slug":"infoblad","status":"publish","type":"page","link":"https:\/\/www.orviken.se\/en\/infoblad\/","title":{"rendered":"Byaf\u00f6reningen information sheet"},"content":{"rendered":"<p>Here you can read the information sheet regarding <a href=\"https:\/\/www.orviken.se\/en\/byaforeningen\/\">\u00d6rviken village association<\/a>. When new information sheets are written, they are published here.<\/p>\n\n\n\n<p class=\"has-luminous-vivid-amber-color has-text-color has-link-color wp-elements-cced2100d643f3d37543c4c02cfa8e51\"><span class=\"collapseomatic\" id=\"id69fafbbf72af4\"  tabindex=\"0\" title=\"Village Association 2026\"    >Village Association 2026<\/span><div id=\"target-id69fafbbf72af4\" class=\"collapseomatic_content\">\n\n\n\n<div data-wp-interactive=\"core\/file\" class=\"wp-block-file\"><object data-wp-bind--hidden=\"!state.hasPdfPreview\" hidden class=\"wp-block-file__embed\" data=\"https:\/\/www.orviken.se\/wp-content\/uploads\/2026\/03\/Infoblad-2026-nytt.pdf\" type=\"application\/pdf\" style=\"width:100%;height:600px\" aria-label=\"Embed of \u00d6rvikens Byaf\u00f6renings Informationblad spring 2026.\"><\/object><a id=\"wp-block-file--media-a6c32e89-91f1-4ed1-9ac0-b139b39b22a6\" href=\"https:\/\/www.orviken.se\/wp-content\/uploads\/2026\/03\/Infoblad-2026-nytt.pdf\">\u00d6rviken Village Association Newsletter Spring 2026<\/a><\/div>\n\n\n\n<\/div>\n\n\n\n<p><\/p>\n\n\n\n<p class=\"has-luminous-vivid-amber-color has-text-color has-link-color wp-elements-de70b99fce0fbc7a003d6aefdaefe809\"><span class=\"collapseomatic\" id=\"id69fafbbf72b5e\"  tabindex=\"0\" title=\"Village Association 2025\"    >Village Association 2025<\/span><div id=\"target-id69fafbbf72b5e\" class=\"collapseomatic_content\">\n\n\n\n<div data-wp-interactive=\"core\/file\" class=\"wp-block-file\"><object data-wp-bind--hidden=\"!state.hasPdfPreview\" hidden class=\"wp-block-file__embed\" data=\"https:\/\/www.orviken.se\/wp-content\/uploads\/2025\/04\/Orvikens-Byaforenings-Informationsblad-varen-2025-1.pdf\" type=\"application\/pdf\" style=\"width:100%;height:600px\" aria-label=\"Embed of \u00d6rvikens Byaf\u00f6renings Informationblad spring 2025.\"><\/object><a id=\"wp-block-file--media-da43470b-325b-4f12-9f50-410626ec085c\" href=\"https:\/\/www.orviken.se\/wp-content\/uploads\/2025\/04\/Orvikens-Byaforenings-Informationsblad-varen-2025-1.pdf\">\u00d6rviken Village Association Newsletter Spring 2025<\/a><\/div>\n\n\n\n<\/div>\n\n\n\n<p><\/p>\n\n\n\n<p class=\"has-luminous-vivid-amber-color has-text-color has-link-color wp-elements-c65ef0ac7fe73d2fffbf122195dadbdd\"><span class=\"collapseomatic\" id=\"id69fafbbf72b7e\"  tabindex=\"0\" title=\"The village association 2024\"    >The village association 2024<\/span><div id=\"target-id69fafbbf72b7e\" class=\"collapseomatic_content\">\n\n\n\n<div data-wp-interactive=\"core\/file\" class=\"wp-block-file\"><object data-wp-bind--hidden=\"!state.hasPdfPreview\" hidden class=\"wp-block-file__embed\" data=\"https:\/\/www.orviken.se\/wp-content\/uploads\/2024\/09\/Orvikens-Byaforenings-Informationsblad-varen-2024-1.pdf\" type=\"application\/pdf\" style=\"width:100%;height:600px\" aria-label=\"Embed of \u00d6rvikens Byaf\u00f6renings Informationblad spring 2024.\"><\/object><a id=\"wp-block-file--media-3bd32e44-5fb0-4007-850f-7e33092a6cca\" href=\"https:\/\/www.orviken.se\/wp-content\/uploads\/2024\/09\/Orvikens-Byaforenings-Informationsblad-varen-2024-1.pdf\">\u00d6rvikens Byaf\u00f6rening&#039;s information sheet spring 2024<\/a><\/div>\n\n\n\n<p><\/p>\n\n\n\n<\/div>\n\n\n\n<p class=\"has-luminous-vivid-amber-color has-text-color\"><span class=\"collapseomatic\" id=\"id69fafbbf72b98\"  tabindex=\"0\" title=\"The village association 2023\"    >The village association 2023<\/span><div id=\"target-id69fafbbf72b98\" class=\"collapseomatic_content\">\n\n\n\n<div data-wp-interactive=\"core\/file\" class=\"wp-block-file\"><object data-wp-bind--hidden=\"!state.hasPdfPreview\" hidden class=\"wp-block-file__embed\" data=\"https:\/\/www.orviken.se\/wp-content\/uploads\/2023\/02\/Orvikens-Byaforenings-Infor-mationsblad-varen-2023.pdf\" type=\"application\/pdf\" style=\"width:100%;height:414px\" aria-label=\"Embed of \u00d6rvikens-Village Association-Information sheet-spring-2023.\"><\/object><a id=\"wp-block-file--media-3b38729c-0823-4e26-b8e7-a71a40070089\" href=\"https:\/\/www.orviken.se\/wp-content\/uploads\/2023\/02\/Orvikens-Byaforenings-Infor-mationsblad-varen-2023.pdf\">\u00d6rvikens-Village Association-Information sheet-spring-2023<\/a><\/div>\n\n\n\n<\/div>\n\n\n\n<p><\/p>\n\n\n\n<p class=\"has-luminous-vivid-amber-color has-text-color\"><span class=\"collapseomatic\" id=\"id69fafbbf72bad\"  tabindex=\"0\" title=\"The village association 2022\"    >The village association 2022<\/span><div id=\"target-id69fafbbf72bad\" class=\"collapseomatic_content\">\n\n\n\n<div data-wp-interactive=\"core\/file\" class=\"wp-block-file\"><object data-wp-bind--hidden=\"!state.hasPdfPreview\" hidden class=\"wp-block-file__embed\" data=\"https:\/\/www.orviken.se\/wp-content\/uploads\/2022\/03\/O\u0308rvikens-Byafo\u0308renings-Informationsblad-va\u030aren-2022.pdf\" type=\"application\/pdf\" style=\"width:100%;height:600px\" aria-label=\"Embed of \u00d6rvikens-Village Association-Information sheet-spring-2022.\"><\/object><a id=\"wp-block-file--media-b1e1d2da-e882-4538-a01b-9d3fed9a2123\" href=\"https:\/\/www.orviken.se\/wp-content\/uploads\/2022\/03\/O\u0308rvikens-Byafo\u0308renings-Informationsblad-va\u030aren-2022.pdf\">\u00d6rvikens-Village Association-Information sheet-spring-2022<\/a><\/div>\n\n\n\n<\/div>","protected":false},"excerpt":{"rendered":"<p>Here you can read the information sheet regarding the \u00d6rviken village association. When new information sheets are written, they are published here.<\/p>","protected":false},"author":1,"featured_media":0,"parent":0,"menu_order":0,"comment_status":"closed","ping_status":"closed","template":"","meta":{"inline_featured_image":false,"footnotes":""},"class_list":["post-1394","page","type-page","status-publish","hentry"],"yoast_head":"<!-- This site is optimized with the Yoast SEO plugin v27.5 - https:\/\/yoast.com\/product\/yoast-seo-wordpress\/ -->\n<title>Byaf\u00f6reningen infoblad - \u00d6rviken<\/title>\n<meta name=\"description\" content=\"\u00d6rviken i Skellefte\u00e5 kommuns officiella webbsida - H\u00e4r kan du l\u00e4sa informationsblad ang\u00e5ende \u00d6rvikens byaf\u00f6rening och Folkets Hus f\u00f6rening\" \/>\n<meta name=\"robots\" content=\"index, follow, max-snippet:-1, max-image-preview:large, max-video-preview:-1\" \/>\n<link rel=\"canonical\" href=\"https:\/\/www.orviken.se\/en\/infoblad\/\" \/>\n<meta property=\"og:locale\" content=\"en_US\" \/>\n<meta property=\"og:type\" content=\"article\" \/>\n<meta property=\"og:title\" content=\"Byaf\u00f6reningen infoblad - \u00d6rviken\" \/>\n<meta property=\"og:description\" content=\"\u00d6rviken i Skellefte\u00e5 kommuns officiella webbsida - H\u00e4r kan du l\u00e4sa informationsblad ang\u00e5ende \u00d6rvikens byaf\u00f6rening och Folkets Hus f\u00f6rening\" \/>\n<meta property=\"og:url\" content=\"https:\/\/www.orviken.se\/en\/infoblad\/\" \/>\n<meta property=\"og:site_name\" content=\"\u00d6rviken\" \/>\n<meta property=\"article:publisher\" content=\"https:\/\/www.facebook.com\/groups\/orviken\/about\" \/>\n<meta property=\"article:modified_time\" content=\"2026-03-10T07:06:27+00:00\" \/>\n<meta property=\"og:image\" content=\"https:\/\/www.orviken.se\/wp-content\/uploads\/2021\/06\/5B7A9904-scaled.jpeg\" \/>\n\t<meta property=\"og:image:width\" content=\"2560\" \/>\n\t<meta property=\"og:image:height\" content=\"1707\" \/>\n\t<meta property=\"og:image:type\" content=\"image\/jpeg\" \/>\n<meta name=\"twitter:card\" content=\"summary_large_image\" \/>\n<meta name=\"twitter:label1\" content=\"Est. reading time\" \/>\n\t<meta name=\"twitter:data1\" content=\"1 minute\" \/>\n<script type=\"application\/ld+json\" class=\"yoast-schema-graph\">{\"@context\":\"https:\\\/\\\/schema.org\",\"@graph\":[{\"@type\":\"WebPage\",\"@id\":\"https:\\\/\\\/www.orviken.se\\\/infoblad\\\/\",\"url\":\"https:\\\/\\\/www.orviken.se\\\/infoblad\\\/\",\"name\":\"Byaf\u00f6reningen infoblad - \u00d6rviken\",\"isPartOf\":{\"@id\":\"https:\\\/\\\/www.orviken.se\\\/#website\"},\"datePublished\":\"2022-03-14T13:28:42+00:00\",\"dateModified\":\"2026-03-10T07:06:27+00:00\",\"description\":\"\u00d6rviken i Skellefte\u00e5 kommuns officiella webbsida - H\u00e4r kan du l\u00e4sa informationsblad ang\u00e5ende \u00d6rvikens byaf\u00f6rening och Folkets Hus f\u00f6rening\",\"breadcrumb\":{\"@id\":\"https:\\\/\\\/www.orviken.se\\\/infoblad\\\/#breadcrumb\"},\"inLanguage\":\"en-US\",\"potentialAction\":[{\"@type\":\"ReadAction\",\"target\":[\"https:\\\/\\\/www.orviken.se\\\/infoblad\\\/\"]}]},{\"@type\":\"BreadcrumbList\",\"@id\":\"https:\\\/\\\/www.orviken.se\\\/infoblad\\\/#breadcrumb\",\"itemListElement\":[{\"@type\":\"ListItem\",\"position\":1,\"name\":\"Hem\",\"item\":\"https:\\\/\\\/www.orviken.se\\\/\"},{\"@type\":\"ListItem\",\"position\":2,\"name\":\"Byaf\u00f6reningen infoblad\"}]},{\"@type\":\"WebSite\",\"@id\":\"https:\\\/\\\/www.orviken.se\\\/#website\",\"url\":\"https:\\\/\\\/www.orviken.se\\\/\",\"name\":\"\u00d6rviken\",\"description\":\"Kustens p\u00e4rla\",\"publisher\":{\"@id\":\"https:\\\/\\\/www.orviken.se\\\/#organization\"},\"potentialAction\":[{\"@type\":\"SearchAction\",\"target\":{\"@type\":\"EntryPoint\",\"urlTemplate\":\"https:\\\/\\\/www.orviken.se\\\/?s={search_term_string}\"},\"query-input\":{\"@type\":\"PropertyValueSpecification\",\"valueRequired\":true,\"valueName\":\"search_term_string\"}}],\"inLanguage\":\"en-US\"},{\"@type\":\"Organization\",\"@id\":\"https:\\\/\\\/www.orviken.se\\\/#organization\",\"name\":\"\u00d6rvikens Byaf\u00f6rening\",\"url\":\"https:\\\/\\\/www.orviken.se\\\/\",\"logo\":{\"@type\":\"ImageObject\",\"inLanguage\":\"en-US\",\"@id\":\"https:\\\/\\\/www.orviken.se\\\/#\\\/schema\\\/logo\\\/image\\\/\",\"url\":\"https:\\\/\\\/i2.wp.com\\\/www.orviken.se\\\/wp-content\\\/uploads\\\/2021\\\/06\\\/O\u0308rviken-logga.jpg?fit=196%2C200&ssl=1\",\"contentUrl\":\"https:\\\/\\\/i2.wp.com\\\/www.orviken.se\\\/wp-content\\\/uploads\\\/2021\\\/06\\\/O\u0308rviken-logga.jpg?fit=196%2C200&ssl=1\",\"width\":196,\"height\":200,\"caption\":\"\u00d6rvikens Byaf\u00f6rening\"},\"image\":{\"@id\":\"https:\\\/\\\/www.orviken.se\\\/#\\\/schema\\\/logo\\\/image\\\/\"},\"sameAs\":[\"https:\\\/\\\/www.facebook.com\\\/groups\\\/orviken\\\/about\"]}]}<\/script>\n<!-- \/ Yoast SEO plugin. -->","yoast_head_json":{"title":"Bya association information sheet - \u00d6rviken","description":"\u00d6rviken in Skellefte\u00e5 Municipality&#039;s official website - Here you can read information sheets about \u00d6rviken&#039;s village association and Folkets Hus association","robots":{"index":"index","follow":"follow","max-snippet":"max-snippet:-1","max-image-preview":"max-image-preview:large","max-video-preview":"max-video-preview:-1"},"canonical":"https:\/\/www.orviken.se\/en\/infoblad\/","og_locale":"en_US","og_type":"article","og_title":"Byaf\u00f6reningen infoblad - \u00d6rviken","og_description":"\u00d6rviken i Skellefte\u00e5 kommuns officiella webbsida - H\u00e4r kan du l\u00e4sa informationsblad ang\u00e5ende \u00d6rvikens byaf\u00f6rening och Folkets Hus f\u00f6rening","og_url":"https:\/\/www.orviken.se\/en\/infoblad\/","og_site_name":"\u00d6rviken","article_publisher":"https:\/\/www.facebook.com\/groups\/orviken\/about","article_modified_time":"2026-03-10T07:06:27+00:00","og_image":[{"width":2560,"height":1707,"url":"https:\/\/www.orviken.se\/wp-content\/uploads\/2021\/06\/5B7A9904-scaled.jpeg","type":"image\/jpeg"}],"twitter_card":"summary_large_image","twitter_misc":{"Est. reading time":"1 minute"},"schema":{"@context":"https:\/\/schema.org","@graph":[{"@type":"WebPage","@id":"https:\/\/www.orviken.se\/infoblad\/","url":"https:\/\/www.orviken.se\/infoblad\/","name":"Bya association information sheet - \u00d6rviken","isPartOf":{"@id":"https:\/\/www.orviken.se\/#website"},"datePublished":"2022-03-14T13:28:42+00:00","dateModified":"2026-03-10T07:06:27+00:00","description":"\u00d6rviken in Skellefte\u00e5 Municipality&#039;s official website - Here you can read information sheets about \u00d6rviken&#039;s village association and Folkets Hus association","breadcrumb":{"@id":"https:\/\/www.orviken.se\/infoblad\/#breadcrumb"},"inLanguage":"en-US","potentialAction":[{"@type":"ReadAction","target":["https:\/\/www.orviken.se\/infoblad\/"]}]},{"@type":"BreadcrumbList","@id":"https:\/\/www.orviken.se\/infoblad\/#breadcrumb","itemListElement":[{"@type":"ListItem","position":1,"name":"Hem","item":"https:\/\/www.orviken.se\/"},{"@type":"ListItem","position":2,"name":"Byaf\u00f6reningen infoblad"}]},{"@type":"WebSite","@id":"https:\/\/www.orviken.se\/#website","url":"https:\/\/www.orviken.se\/","name":"\u00d6rviken","description":"The pearl of the coast","publisher":{"@id":"https:\/\/www.orviken.se\/#organization"},"potentialAction":[{"@type":"SearchAction","target":{"@type":"EntryPoint","urlTemplate":"https:\/\/www.orviken.se\/?s={search_term_string}"},"query-input":{"@type":"PropertyValueSpecification","valueRequired":true,"valueName":"search_term_string"}}],"inLanguage":"en-US"},{"@type":"Organization","@id":"https:\/\/www.orviken.se\/#organization","name":"\u00d6rviken Village Association","url":"https:\/\/www.orviken.se\/","logo":{"@type":"ImageObject","inLanguage":"en-US","@id":"https:\/\/www.orviken.se\/#\/schema\/logo\/image\/","url":"https:\/\/i2.wp.com\/www.orviken.se\/wp-content\/uploads\/2021\/06\/O\u0308rviken-logga.jpg?fit=196%2C200&ssl=1","contentUrl":"https:\/\/i2.wp.com\/www.orviken.se\/wp-content\/uploads\/2021\/06\/O\u0308rviken-logga.jpg?fit=196%2C200&ssl=1","width":196,"height":200,"caption":"\u00d6rvikens Byaf\u00f6rening"},"image":{"@id":"https:\/\/www.orviken.se\/#\/schema\/logo\/image\/"},"sameAs":["https:\/\/www.facebook.com\/groups\/orviken\/about"]}]}},"_links":{"self":[{"href":"https:\/\/www.orviken.se\/en\/wp-json\/wp\/v2\/pages\/1394","targetHints":{"allow":["GET"]}}],"collection":[{"href":"https:\/\/www.orviken.se\/en\/wp-json\/wp\/v2\/pages"}],"about":[{"href":"https:\/\/www.orviken.se\/en\/wp-json\/wp\/v2\/types\/page"}],"author":[{"embeddable":true,"href":"https:\/\/www.orviken.se\/en\/wp-json\/wp\/v2\/users\/1"}],"replies":[{"embeddable":true,"href":"https:\/\/www.orviken.se\/en\/wp-json\/wp\/v2\/comments?post=1394"}],"version-history":[{"count":12,"href":"https:\/\/www.orviken.se\/en\/wp-json\/wp\/v2\/pages\/1394\/revisions"}],"predecessor-version":[{"id":2538,"href":"https:\/\/www.orviken.se\/en\/wp-json\/wp\/v2\/pages\/1394\/revisions\/2538"}],"wp:attachment":[{"href":"https:\/\/www.orviken.se\/en\/wp-json\/wp\/v2\/media?parent=1394"}],"curies":[{"name":"wp","href":"https:\/\/api.w.org\/{rel}","templated":true}]}}