{"id":1324,"date":"2022-02-18T22:03:35","date_gmt":"2022-02-18T21:03:35","guid":{"rendered":"https:\/\/www.orviken.se\/?page_id=1324"},"modified":"2025-06-09T10:22:48","modified_gmt":"2025-06-09T08:22:48","slug":"protokoll","status":"publish","type":"page","link":"https:\/\/www.orviken.se\/en\/protokoll\/","title":{"rendered":"The village association protocols"},"content":{"rendered":"<p class=\"has-text-align-center\">Here you can read meeting protocols from <a href=\"https:\/\/www.orviken.se\/en\/byaforeningen\/\">\u00d6rviken Village Association<\/a>! Unfortunately, these are only available in Swedish. You can choose between protocols from:<\/p>\n\n\n\n<div class=\"wp-block-buttons is-content-justification-center is-layout-flex wp-container-core-buttons-is-layout-16018d1d wp-block-buttons-is-layout-flex\">\n<div class=\"wp-block-button\"><a class=\"wp-block-button__link has-white-color has-luminous-vivid-amber-background-color has-text-color has-background wp-element-button\" href=\"https:\/\/www.orviken.se\/en\/styrelsemote-protokoll\/\">Board meetings<\/a><\/div>\n\n\n\n<div class=\"wp-block-button is-style-fill\"><a class=\"wp-block-button__link has-white-color has-luminous-vivid-amber-background-color has-text-color has-background wp-element-button\" href=\"https:\/\/www.orviken.se\/en\/protokoll-arsmoten\/\">Annual meetings<\/a><\/div>\n<\/div>","protected":false},"excerpt":{"rendered":"<p>Here you can read meeting minutes from \u00d6rviken Byaf\u00f6rening! You can choose between protocols from:<\/p>","protected":false},"author":1,"featured_media":0,"parent":0,"menu_order":0,"comment_status":"closed","ping_status":"closed","template":"","meta":{"inline_featured_image":false,"footnotes":""},"class_list":["post-1324","page","type-page","status-publish","hentry"],"yoast_head":"<!-- This site is optimized with the Yoast SEO plugin v27.5 - https:\/\/yoast.com\/product\/yoast-seo-wordpress\/ -->\n<title>Byaf\u00f6reningen protokoll - \u00d6rviken<\/title>\n<meta name=\"description\" content=\"\u00d6rviken i Skellefte\u00e5 kommuns officiella webbsida - L\u00e4s protokoll fr\u00e5n styrelsem\u00f6ten eller \u00e5rsm\u00f6ten i \u00d6rviken byaf\u00f6rening\" \/>\n<meta name=\"robots\" content=\"index, follow, max-snippet:-1, max-image-preview:large, max-video-preview:-1\" \/>\n<link rel=\"canonical\" href=\"https:\/\/www.orviken.se\/en\/protokoll\/\" \/>\n<meta property=\"og:locale\" content=\"en_US\" \/>\n<meta property=\"og:type\" content=\"article\" \/>\n<meta property=\"og:title\" content=\"Byaf\u00f6reningen protokoll - \u00d6rviken\" \/>\n<meta property=\"og:description\" content=\"\u00d6rviken i Skellefte\u00e5 kommuns officiella webbsida - L\u00e4s protokoll fr\u00e5n styrelsem\u00f6ten eller \u00e5rsm\u00f6ten i \u00d6rviken byaf\u00f6rening\" \/>\n<meta property=\"og:url\" content=\"https:\/\/www.orviken.se\/en\/protokoll\/\" \/>\n<meta property=\"og:site_name\" content=\"\u00d6rviken\" \/>\n<meta property=\"article:publisher\" content=\"https:\/\/www.facebook.com\/groups\/orviken\/about\" \/>\n<meta property=\"article:modified_time\" content=\"2025-06-09T08:22:48+00:00\" \/>\n<meta property=\"og:image\" content=\"https:\/\/www.orviken.se\/wp-content\/uploads\/2021\/06\/5B7A9904-scaled.jpeg\" \/>\n\t<meta property=\"og:image:width\" content=\"2560\" \/>\n\t<meta property=\"og:image:height\" content=\"1707\" \/>\n\t<meta property=\"og:image:type\" content=\"image\/jpeg\" \/>\n<meta name=\"twitter:card\" content=\"summary_large_image\" \/>\n<meta name=\"twitter:label1\" content=\"Est. reading time\" \/>\n\t<meta name=\"twitter:data1\" content=\"1 minute\" \/>\n<script type=\"application\/ld+json\" class=\"yoast-schema-graph\">{\"@context\":\"https:\\\/\\\/schema.org\",\"@graph\":[{\"@type\":\"WebPage\",\"@id\":\"https:\\\/\\\/www.orviken.se\\\/protokoll\\\/\",\"url\":\"https:\\\/\\\/www.orviken.se\\\/protokoll\\\/\",\"name\":\"Byaf\u00f6reningen protokoll - \u00d6rviken\",\"isPartOf\":{\"@id\":\"https:\\\/\\\/www.orviken.se\\\/#website\"},\"datePublished\":\"2022-02-18T21:03:35+00:00\",\"dateModified\":\"2025-06-09T08:22:48+00:00\",\"description\":\"\u00d6rviken i Skellefte\u00e5 kommuns officiella webbsida - L\u00e4s protokoll fr\u00e5n styrelsem\u00f6ten eller \u00e5rsm\u00f6ten i \u00d6rviken byaf\u00f6rening\",\"breadcrumb\":{\"@id\":\"https:\\\/\\\/www.orviken.se\\\/protokoll\\\/#breadcrumb\"},\"inLanguage\":\"en-US\",\"potentialAction\":[{\"@type\":\"ReadAction\",\"target\":[\"https:\\\/\\\/www.orviken.se\\\/protokoll\\\/\"]}]},{\"@type\":\"BreadcrumbList\",\"@id\":\"https:\\\/\\\/www.orviken.se\\\/protokoll\\\/#breadcrumb\",\"itemListElement\":[{\"@type\":\"ListItem\",\"position\":1,\"name\":\"Hem\",\"item\":\"https:\\\/\\\/www.orviken.se\\\/\"},{\"@type\":\"ListItem\",\"position\":2,\"name\":\"Byaf\u00f6reningen protokoll\"}]},{\"@type\":\"WebSite\",\"@id\":\"https:\\\/\\\/www.orviken.se\\\/#website\",\"url\":\"https:\\\/\\\/www.orviken.se\\\/\",\"name\":\"\u00d6rviken\",\"description\":\"Kustens p\u00e4rla\",\"publisher\":{\"@id\":\"https:\\\/\\\/www.orviken.se\\\/#organization\"},\"potentialAction\":[{\"@type\":\"SearchAction\",\"target\":{\"@type\":\"EntryPoint\",\"urlTemplate\":\"https:\\\/\\\/www.orviken.se\\\/?s={search_term_string}\"},\"query-input\":{\"@type\":\"PropertyValueSpecification\",\"valueRequired\":true,\"valueName\":\"search_term_string\"}}],\"inLanguage\":\"en-US\"},{\"@type\":\"Organization\",\"@id\":\"https:\\\/\\\/www.orviken.se\\\/#organization\",\"name\":\"\u00d6rvikens Byaf\u00f6rening\",\"url\":\"https:\\\/\\\/www.orviken.se\\\/\",\"logo\":{\"@type\":\"ImageObject\",\"inLanguage\":\"en-US\",\"@id\":\"https:\\\/\\\/www.orviken.se\\\/#\\\/schema\\\/logo\\\/image\\\/\",\"url\":\"https:\\\/\\\/i2.wp.com\\\/www.orviken.se\\\/wp-content\\\/uploads\\\/2021\\\/06\\\/O\u0308rviken-logga.jpg?fit=196%2C200&ssl=1\",\"contentUrl\":\"https:\\\/\\\/i2.wp.com\\\/www.orviken.se\\\/wp-content\\\/uploads\\\/2021\\\/06\\\/O\u0308rviken-logga.jpg?fit=196%2C200&ssl=1\",\"width\":196,\"height\":200,\"caption\":\"\u00d6rvikens Byaf\u00f6rening\"},\"image\":{\"@id\":\"https:\\\/\\\/www.orviken.se\\\/#\\\/schema\\\/logo\\\/image\\\/\"},\"sameAs\":[\"https:\\\/\\\/www.facebook.com\\\/groups\\\/orviken\\\/about\"]}]}<\/script>\n<!-- \/ Yoast SEO plugin. -->","yoast_head_json":{"title":"Village Association minutes - \u00d6rviken","description":"\u00d6rviken in Skellefte\u00e5 Municipality&#039;s official website - Read minutes from board meetings or annual meetings of \u00d6rviken Village Association","robots":{"index":"index","follow":"follow","max-snippet":"max-snippet:-1","max-image-preview":"max-image-preview:large","max-video-preview":"max-video-preview:-1"},"canonical":"https:\/\/www.orviken.se\/en\/protokoll\/","og_locale":"en_US","og_type":"article","og_title":"Byaf\u00f6reningen protokoll - \u00d6rviken","og_description":"\u00d6rviken i Skellefte\u00e5 kommuns officiella webbsida - L\u00e4s protokoll fr\u00e5n styrelsem\u00f6ten eller \u00e5rsm\u00f6ten i \u00d6rviken byaf\u00f6rening","og_url":"https:\/\/www.orviken.se\/en\/protokoll\/","og_site_name":"\u00d6rviken","article_publisher":"https:\/\/www.facebook.com\/groups\/orviken\/about","article_modified_time":"2025-06-09T08:22:48+00:00","og_image":[{"width":2560,"height":1707,"url":"https:\/\/www.orviken.se\/wp-content\/uploads\/2021\/06\/5B7A9904-scaled.jpeg","type":"image\/jpeg"}],"twitter_card":"summary_large_image","twitter_misc":{"Est. reading time":"1 minute"},"schema":{"@context":"https:\/\/schema.org","@graph":[{"@type":"WebPage","@id":"https:\/\/www.orviken.se\/protokoll\/","url":"https:\/\/www.orviken.se\/protokoll\/","name":"Village Association minutes - \u00d6rviken","isPartOf":{"@id":"https:\/\/www.orviken.se\/#website"},"datePublished":"2022-02-18T21:03:35+00:00","dateModified":"2025-06-09T08:22:48+00:00","description":"\u00d6rviken in Skellefte\u00e5 Municipality&#039;s official website - Read minutes from board meetings or annual meetings of \u00d6rviken Village Association","breadcrumb":{"@id":"https:\/\/www.orviken.se\/protokoll\/#breadcrumb"},"inLanguage":"en-US","potentialAction":[{"@type":"ReadAction","target":["https:\/\/www.orviken.se\/protokoll\/"]}]},{"@type":"BreadcrumbList","@id":"https:\/\/www.orviken.se\/protokoll\/#breadcrumb","itemListElement":[{"@type":"ListItem","position":1,"name":"Hem","item":"https:\/\/www.orviken.se\/"},{"@type":"ListItem","position":2,"name":"Byaf\u00f6reningen protokoll"}]},{"@type":"WebSite","@id":"https:\/\/www.orviken.se\/#website","url":"https:\/\/www.orviken.se\/","name":"\u00d6rviken","description":"The pearl of the coast","publisher":{"@id":"https:\/\/www.orviken.se\/#organization"},"potentialAction":[{"@type":"SearchAction","target":{"@type":"EntryPoint","urlTemplate":"https:\/\/www.orviken.se\/?s={search_term_string}"},"query-input":{"@type":"PropertyValueSpecification","valueRequired":true,"valueName":"search_term_string"}}],"inLanguage":"en-US"},{"@type":"Organization","@id":"https:\/\/www.orviken.se\/#organization","name":"\u00d6rviken Village Association","url":"https:\/\/www.orviken.se\/","logo":{"@type":"ImageObject","inLanguage":"en-US","@id":"https:\/\/www.orviken.se\/#\/schema\/logo\/image\/","url":"https:\/\/i2.wp.com\/www.orviken.se\/wp-content\/uploads\/2021\/06\/O\u0308rviken-logga.jpg?fit=196%2C200&ssl=1","contentUrl":"https:\/\/i2.wp.com\/www.orviken.se\/wp-content\/uploads\/2021\/06\/O\u0308rviken-logga.jpg?fit=196%2C200&ssl=1","width":196,"height":200,"caption":"\u00d6rvikens Byaf\u00f6rening"},"image":{"@id":"https:\/\/www.orviken.se\/#\/schema\/logo\/image\/"},"sameAs":["https:\/\/www.facebook.com\/groups\/orviken\/about"]}]}},"_links":{"self":[{"href":"https:\/\/www.orviken.se\/en\/wp-json\/wp\/v2\/pages\/1324","targetHints":{"allow":["GET"]}}],"collection":[{"href":"https:\/\/www.orviken.se\/en\/wp-json\/wp\/v2\/pages"}],"about":[{"href":"https:\/\/www.orviken.se\/en\/wp-json\/wp\/v2\/types\/page"}],"author":[{"embeddable":true,"href":"https:\/\/www.orviken.se\/en\/wp-json\/wp\/v2\/users\/1"}],"replies":[{"embeddable":true,"href":"https:\/\/www.orviken.se\/en\/wp-json\/wp\/v2\/comments?post=1324"}],"version-history":[{"count":8,"href":"https:\/\/www.orviken.se\/en\/wp-json\/wp\/v2\/pages\/1324\/revisions"}],"predecessor-version":[{"id":2414,"href":"https:\/\/www.orviken.se\/en\/wp-json\/wp\/v2\/pages\/1324\/revisions\/2414"}],"wp:attachment":[{"href":"https:\/\/www.orviken.se\/en\/wp-json\/wp\/v2\/media?parent=1324"}],"curies":[{"name":"wp","href":"https:\/\/api.w.org\/{rel}","templated":true}]}}