{"id":1130,"date":"2021-11-14T13:17:10","date_gmt":"2021-11-14T12:17:10","guid":{"rendered":"https:\/\/www.orviken.se\/?page_id=1130"},"modified":"2021-11-14T13:17:13","modified_gmt":"2021-11-14T12:17:13","slug":"projekt","status":"publish","type":"page","link":"https:\/\/www.orviken.se\/en\/projekt\/","title":{"rendered":"Project"},"content":{"rendered":"<p>Here you can see completed, ongoing and planned projects in \u00d6rviken.<\/p>","protected":false},"excerpt":{"rendered":"<p>Here you can see completed, ongoing and planned projects in \u00d6rviken.<\/p>","protected":false},"author":1,"featured_media":0,"parent":0,"menu_order":0,"comment_status":"closed","ping_status":"closed","template":"","meta":{"inline_featured_image":false,"footnotes":""},"class_list":["post-1130","page","type-page","status-publish","hentry"],"yoast_head":"<!-- This site is optimized with the Yoast SEO plugin v27.5 - https:\/\/yoast.com\/product\/yoast-seo-wordpress\/ -->\n<title>Projekt - \u00d6rviken<\/title>\n<meta name=\"description\" content=\"\u00d6rviken i Skellefte\u00e5 kommuns officiella webbsida - H\u00e4r kan du se utf\u00f6rda, p\u00e5g\u00e5ende och planerade projekt i \u00d6rviken.\" \/>\n<meta name=\"robots\" content=\"index, follow, max-snippet:-1, max-image-preview:large, max-video-preview:-1\" \/>\n<link rel=\"canonical\" href=\"https:\/\/www.orviken.se\/en\/projekt\/\" \/>\n<meta property=\"og:locale\" content=\"en_US\" \/>\n<meta property=\"og:type\" content=\"article\" \/>\n<meta property=\"og:title\" content=\"Projekt - \u00d6rviken\" \/>\n<meta property=\"og:description\" content=\"\u00d6rviken i Skellefte\u00e5 kommuns officiella webbsida - H\u00e4r kan du se utf\u00f6rda, p\u00e5g\u00e5ende och planerade projekt i \u00d6rviken.\" \/>\n<meta property=\"og:url\" content=\"https:\/\/www.orviken.se\/en\/projekt\/\" \/>\n<meta property=\"og:site_name\" content=\"\u00d6rviken\" \/>\n<meta property=\"article:publisher\" content=\"https:\/\/www.facebook.com\/groups\/orviken\/about\" \/>\n<meta property=\"article:modified_time\" content=\"2021-11-14T12:17:13+00:00\" \/>\n<meta property=\"og:image\" content=\"https:\/\/www.orviken.se\/wp-content\/uploads\/2021\/06\/5B7A9904-scaled.jpeg\" \/>\n\t<meta property=\"og:image:width\" content=\"2560\" \/>\n\t<meta property=\"og:image:height\" content=\"1707\" \/>\n\t<meta property=\"og:image:type\" content=\"image\/jpeg\" \/>\n<meta name=\"twitter:card\" content=\"summary_large_image\" \/>\n<meta name=\"twitter:label1\" content=\"Est. reading time\" \/>\n\t<meta name=\"twitter:data1\" content=\"1 minute\" \/>\n<script type=\"application\/ld+json\" class=\"yoast-schema-graph\">{\"@context\":\"https:\\\/\\\/schema.org\",\"@graph\":[{\"@type\":\"WebPage\",\"@id\":\"https:\\\/\\\/www.orviken.se\\\/projekt\\\/\",\"url\":\"https:\\\/\\\/www.orviken.se\\\/projekt\\\/\",\"name\":\"Projekt - \u00d6rviken\",\"isPartOf\":{\"@id\":\"https:\\\/\\\/www.orviken.se\\\/#website\"},\"datePublished\":\"2021-11-14T12:17:10+00:00\",\"dateModified\":\"2021-11-14T12:17:13+00:00\",\"description\":\"\u00d6rviken i Skellefte\u00e5 kommuns officiella webbsida - H\u00e4r kan du se utf\u00f6rda, p\u00e5g\u00e5ende och planerade projekt i \u00d6rviken.\",\"breadcrumb\":{\"@id\":\"https:\\\/\\\/www.orviken.se\\\/projekt\\\/#breadcrumb\"},\"inLanguage\":\"en-US\",\"potentialAction\":[{\"@type\":\"ReadAction\",\"target\":[\"https:\\\/\\\/www.orviken.se\\\/projekt\\\/\"]}]},{\"@type\":\"BreadcrumbList\",\"@id\":\"https:\\\/\\\/www.orviken.se\\\/projekt\\\/#breadcrumb\",\"itemListElement\":[{\"@type\":\"ListItem\",\"position\":1,\"name\":\"Hem\",\"item\":\"https:\\\/\\\/www.orviken.se\\\/\"},{\"@type\":\"ListItem\",\"position\":2,\"name\":\"Projekt\"}]},{\"@type\":\"WebSite\",\"@id\":\"https:\\\/\\\/www.orviken.se\\\/#website\",\"url\":\"https:\\\/\\\/www.orviken.se\\\/\",\"name\":\"\u00d6rviken\",\"description\":\"Kustens p\u00e4rla\",\"publisher\":{\"@id\":\"https:\\\/\\\/www.orviken.se\\\/#organization\"},\"potentialAction\":[{\"@type\":\"SearchAction\",\"target\":{\"@type\":\"EntryPoint\",\"urlTemplate\":\"https:\\\/\\\/www.orviken.se\\\/?s={search_term_string}\"},\"query-input\":{\"@type\":\"PropertyValueSpecification\",\"valueRequired\":true,\"valueName\":\"search_term_string\"}}],\"inLanguage\":\"en-US\"},{\"@type\":\"Organization\",\"@id\":\"https:\\\/\\\/www.orviken.se\\\/#organization\",\"name\":\"\u00d6rvikens Byaf\u00f6rening\",\"url\":\"https:\\\/\\\/www.orviken.se\\\/\",\"logo\":{\"@type\":\"ImageObject\",\"inLanguage\":\"en-US\",\"@id\":\"https:\\\/\\\/www.orviken.se\\\/#\\\/schema\\\/logo\\\/image\\\/\",\"url\":\"https:\\\/\\\/i2.wp.com\\\/www.orviken.se\\\/wp-content\\\/uploads\\\/2021\\\/06\\\/O\u0308rviken-logga.jpg?fit=196%2C200&ssl=1\",\"contentUrl\":\"https:\\\/\\\/i2.wp.com\\\/www.orviken.se\\\/wp-content\\\/uploads\\\/2021\\\/06\\\/O\u0308rviken-logga.jpg?fit=196%2C200&ssl=1\",\"width\":196,\"height\":200,\"caption\":\"\u00d6rvikens Byaf\u00f6rening\"},\"image\":{\"@id\":\"https:\\\/\\\/www.orviken.se\\\/#\\\/schema\\\/logo\\\/image\\\/\"},\"sameAs\":[\"https:\\\/\\\/www.facebook.com\\\/groups\\\/orviken\\\/about\"]}]}<\/script>\n<!-- \/ Yoast SEO plugin. -->","yoast_head_json":{"title":"Projekt - \u00d6rviken","description":"\u00d6rviken i Skellefte\u00e5 kommuns officiella webbsida - H\u00e4r kan du se utf\u00f6rda, p\u00e5g\u00e5ende och planerade projekt i \u00d6rviken.","robots":{"index":"index","follow":"follow","max-snippet":"max-snippet:-1","max-image-preview":"max-image-preview:large","max-video-preview":"max-video-preview:-1"},"canonical":"https:\/\/www.orviken.se\/en\/projekt\/","og_locale":"en_US","og_type":"article","og_title":"Projekt - \u00d6rviken","og_description":"\u00d6rviken i Skellefte\u00e5 kommuns officiella webbsida - H\u00e4r kan du se utf\u00f6rda, p\u00e5g\u00e5ende och planerade projekt i \u00d6rviken.","og_url":"https:\/\/www.orviken.se\/en\/projekt\/","og_site_name":"\u00d6rviken","article_publisher":"https:\/\/www.facebook.com\/groups\/orviken\/about","article_modified_time":"2021-11-14T12:17:13+00:00","og_image":[{"width":2560,"height":1707,"url":"https:\/\/www.orviken.se\/wp-content\/uploads\/2021\/06\/5B7A9904-scaled.jpeg","type":"image\/jpeg"}],"twitter_card":"summary_large_image","twitter_misc":{"Est. reading time":"1 minute"},"schema":{"@context":"https:\/\/schema.org","@graph":[{"@type":"WebPage","@id":"https:\/\/www.orviken.se\/projekt\/","url":"https:\/\/www.orviken.se\/projekt\/","name":"Projekt - \u00d6rviken","isPartOf":{"@id":"https:\/\/www.orviken.se\/#website"},"datePublished":"2021-11-14T12:17:10+00:00","dateModified":"2021-11-14T12:17:13+00:00","description":"\u00d6rviken i Skellefte\u00e5 kommuns officiella webbsida - H\u00e4r kan du se utf\u00f6rda, p\u00e5g\u00e5ende och planerade projekt i \u00d6rviken.","breadcrumb":{"@id":"https:\/\/www.orviken.se\/projekt\/#breadcrumb"},"inLanguage":"en-US","potentialAction":[{"@type":"ReadAction","target":["https:\/\/www.orviken.se\/projekt\/"]}]},{"@type":"BreadcrumbList","@id":"https:\/\/www.orviken.se\/projekt\/#breadcrumb","itemListElement":[{"@type":"ListItem","position":1,"name":"Hem","item":"https:\/\/www.orviken.se\/"},{"@type":"ListItem","position":2,"name":"Projekt"}]},{"@type":"WebSite","@id":"https:\/\/www.orviken.se\/#website","url":"https:\/\/www.orviken.se\/","name":"\u00d6rviken","description":"The pearl of the coast","publisher":{"@id":"https:\/\/www.orviken.se\/#organization"},"potentialAction":[{"@type":"SearchAction","target":{"@type":"EntryPoint","urlTemplate":"https:\/\/www.orviken.se\/?s={search_term_string}"},"query-input":{"@type":"PropertyValueSpecification","valueRequired":true,"valueName":"search_term_string"}}],"inLanguage":"en-US"},{"@type":"Organization","@id":"https:\/\/www.orviken.se\/#organization","name":"\u00d6rviken Village Association","url":"https:\/\/www.orviken.se\/","logo":{"@type":"ImageObject","inLanguage":"en-US","@id":"https:\/\/www.orviken.se\/#\/schema\/logo\/image\/","url":"https:\/\/i2.wp.com\/www.orviken.se\/wp-content\/uploads\/2021\/06\/O\u0308rviken-logga.jpg?fit=196%2C200&ssl=1","contentUrl":"https:\/\/i2.wp.com\/www.orviken.se\/wp-content\/uploads\/2021\/06\/O\u0308rviken-logga.jpg?fit=196%2C200&ssl=1","width":196,"height":200,"caption":"\u00d6rvikens Byaf\u00f6rening"},"image":{"@id":"https:\/\/www.orviken.se\/#\/schema\/logo\/image\/"},"sameAs":["https:\/\/www.facebook.com\/groups\/orviken\/about"]}]}},"_links":{"self":[{"href":"https:\/\/www.orviken.se\/en\/wp-json\/wp\/v2\/pages\/1130","targetHints":{"allow":["GET"]}}],"collection":[{"href":"https:\/\/www.orviken.se\/en\/wp-json\/wp\/v2\/pages"}],"about":[{"href":"https:\/\/www.orviken.se\/en\/wp-json\/wp\/v2\/types\/page"}],"author":[{"embeddable":true,"href":"https:\/\/www.orviken.se\/en\/wp-json\/wp\/v2\/users\/1"}],"replies":[{"embeddable":true,"href":"https:\/\/www.orviken.se\/en\/wp-json\/wp\/v2\/comments?post=1130"}],"version-history":[{"count":1,"href":"https:\/\/www.orviken.se\/en\/wp-json\/wp\/v2\/pages\/1130\/revisions"}],"predecessor-version":[{"id":1131,"href":"https:\/\/www.orviken.se\/en\/wp-json\/wp\/v2\/pages\/1130\/revisions\/1131"}],"wp:attachment":[{"href":"https:\/\/www.orviken.se\/en\/wp-json\/wp\/v2\/media?parent=1130"}],"curies":[{"name":"wp","href":"https:\/\/api.w.org\/{rel}","templated":true}]}}